{"id":96,"date":"2019-08-26T20:38:02","date_gmt":"2019-08-26T18:38:02","guid":{"rendered":"http:\/\/www.seleeg.net\/?page_id=96"},"modified":"2023-04-17T21:53:47","modified_gmt":"2023-04-17T19:53:47","slug":"die-allesnaeher","status":"publish","type":"page","link":"https:\/\/www.seleeg.net\/?page_id=96","title":{"rendered":"Die Allesn\u00e4her"},"content":{"rendered":"<section  class='av_textblock_section av-k5azwskq-5f617d044f9ecf3a3ce0cacaff5281df'  itemscope=\"itemscope\" itemtype=\"https:\/\/schema.org\/CreativeWork\" ><div class='avia_textblock'  itemprop=\"text\" ><div>\n<p><span style=\"font-family: verdana, geneva, sans-serif; font-size: 12pt;\"><strong><img loading=\"lazy\" decoding=\"async\" class=\"alignnone size-medium wp-image-132\" src=\"http:\/\/www.seleeg.net\/wp-content\/uploads\/2019\/09\/Logo_Allesn\u00e4her-300x101.png\" alt=\"\" width=\"300\" height=\"101\" srcset=\"https:\/\/www.seleeg.net\/wp-content\/uploads\/2019\/09\/Logo_Allesn\u00e4her-300x101.png 300w, https:\/\/www.seleeg.net\/wp-content\/uploads\/2019\/09\/Logo_Allesn\u00e4her-768x258.png 768w, https:\/\/www.seleeg.net\/wp-content\/uploads\/2019\/09\/Logo_Allesn\u00e4her-1030x346.png 1030w, https:\/\/www.seleeg.net\/wp-content\/uploads\/2019\/09\/Logo_Allesn\u00e4her-705x237.png 705w, https:\/\/www.seleeg.net\/wp-content\/uploads\/2019\/09\/Logo_Allesn\u00e4her-450x151.png 450w, https:\/\/www.seleeg.net\/wp-content\/uploads\/2019\/09\/Logo_Allesn\u00e4her.png 1139w\" sizes=\"auto, (max-width: 300px) 100vw, 300px\" \/><\/strong><\/span><\/p>\n<p><span style=\"font-family: verdana, geneva, sans-serif; font-size: 10pt;\">Die Allesn\u00e4her sind eine Gruppe von zehn bis zw\u00f6lf Frauen, die eines verbindet: der Spa\u00df am N\u00e4hen und Gestalten. Neben ihren regelm\u00e4\u00dfigen N\u00e4htreffen realisieren sie verschiedene Projekte und kreieren Produkte aus eigenem entworfenen Stoff.<\/span><\/p>\n<p><span style=\"font-family: verdana, geneva, sans-serif; font-size: 10pt;\">Ihre Aktivit\u00e4ten folgen ihrem Motto: \u201eWir wollen gemeinsam mit Spa\u00df und allen Generationen etwas Nachhaltiges f\u00fcr Serrig schaffen und es in die Welt tragen\u201c<\/span><\/p>\n<p><span style=\"font-family: verdana, geneva, sans-serif; font-size: 10pt;\"><strong>Die Aktivit\u00e4ten<\/strong><\/span><\/p>\n<p><span style=\"font-family: verdana, geneva, sans-serif; font-size: 10pt;\"><strong>Regelm\u00e4\u00dfige N\u00e4htreffen f\u00fcr Erwachsene und Kinder<\/strong><\/span><\/p>\n<\/div>\n<p><span style=\"font-family: verdana, geneva, sans-serif; font-size: 10pt;\">Sie treffen sich alle vier bis sechs Wochen (wenn nicht gerade eine Pandemie diese Treffen verhindert) zum gemeinsamen N\u00e4hen. Jede bringt ihr eigenes Projekt mit und profitiert vom Austausch mit den anderen.<\/span><\/p>\n<p><span style=\"font-family: verdana, geneva, sans-serif; font-size: 10pt;\">Die Allesn\u00e4her KIDS ist eine N\u00e4hgruppe von etwa sechs Kindern ab neun Jahren, die unter Anleitung ebenfalls verschiedene N\u00e4hprojekte realisieren. Sie treffen sich ebenfalls alle vier bis sechs Wochen.<\/span><\/p>\n<p><span style=\"font-family: verdana, geneva, sans-serif; font-size: 10pt;\"><strong>Angebot von Spezial-Workshops<\/strong><\/span><\/p>\n<p><span style=\"font-family: verdana, geneva, sans-serif; font-size: 10pt;\">In und neben ihren regelm\u00e4\u00dfigen N\u00e4htreffen realisieren die Allesn\u00e4her weitere Projekte. Dazu geh\u00f6rt das Angebot von N\u00e4h-Workshops, die auch f\u00fcr Anf\u00e4nger geeignet sind. Hier wurden zum Beispiel in einem Upcycling-Workshop alte Jeanshosen zu neuen Taschen umfunktioniert oder Serriger Widderchen \u2013 kleine Zwerge, die der Legende nach fr\u00fcher einmal in Serrig im Widdertsh\u00e4uschen lebten \u2013 gen\u00e4ht.<\/span><\/p>\n<p><span style=\"font-family: verdana, geneva, sans-serif; font-size: 10pt;\"><img loading=\"lazy\" decoding=\"async\" class=\"size-medium wp-image-1409 alignnone\" src=\"http:\/\/www.seleeg.net\/wp-content\/uploads\/2020\/11\/Wichtel-300x300.png\" alt=\"\" width=\"300\" height=\"300\" srcset=\"https:\/\/www.seleeg.net\/wp-content\/uploads\/2020\/11\/Wichtel-300x300.png 300w, https:\/\/www.seleeg.net\/wp-content\/uploads\/2020\/11\/Wichtel-1030x1030.png 1030w, https:\/\/www.seleeg.net\/wp-content\/uploads\/2020\/11\/Wichtel-80x80.png 80w, https:\/\/www.seleeg.net\/wp-content\/uploads\/2020\/11\/Wichtel-768x768.png 768w, https:\/\/www.seleeg.net\/wp-content\/uploads\/2020\/11\/Wichtel-1536x1536.png 1536w, https:\/\/www.seleeg.net\/wp-content\/uploads\/2020\/11\/Wichtel-2048x2048.png 2048w, https:\/\/www.seleeg.net\/wp-content\/uploads\/2020\/11\/Wichtel-36x36.png 36w, https:\/\/www.seleeg.net\/wp-content\/uploads\/2020\/11\/Wichtel-180x180.png 180w, https:\/\/www.seleeg.net\/wp-content\/uploads\/2020\/11\/Wichtel-1500x1500.png 1500w, https:\/\/www.seleeg.net\/wp-content\/uploads\/2020\/11\/Wichtel-705x705.png 705w, https:\/\/www.seleeg.net\/wp-content\/uploads\/2020\/11\/Wichtel-120x120.png 120w, https:\/\/www.seleeg.net\/wp-content\/uploads\/2020\/11\/Wichtel-450x450.png 450w\" sizes=\"auto, (max-width: 300px) 100vw, 300px\" \/><\/span><\/p>\n<p><span style=\"font-family: verdana, geneva, sans-serif; font-size: 10pt;\"><b>WortLandkarten \u2013 weil die Region mehr ist als nur ein Wort<\/b><\/span><\/p>\n<p><span style=\"font-family: verdana, geneva, sans-serif; font-size: 10pt;\">Es begann mit einem eigenen Stoff f\u00fcr Serrig, inzwischen gibt es einen Stoff f\u00fcr Saarburg und die Region und passende Produkte. Das Prinzip: F\u00fcr den jeweiligen Ort oder die jeweilige Region werden Begriffe gefunden, die diese Region auszeichnen und in Form einer WortLandkarte auf den Stoff gebracht. Verschiedene Produkte sind entstanden, z.B. Stofftaschen f\u00fcr verschiedene Einkaufszwecke, Kordelzugbeutel, Weink\u00fchlermanschette, Kissen.<\/span><\/p>\n<p><span style=\"font-family: verdana, geneva, sans-serif; font-size: 10pt;\"><img loading=\"lazy\" decoding=\"async\" class=\"size-medium wp-image-1407 alignnone\" src=\"http:\/\/www.seleeg.net\/wp-content\/uploads\/2020\/11\/IMG_7753-300-300x300.png\" alt=\"\" width=\"300\" height=\"300\" srcset=\"https:\/\/www.seleeg.net\/wp-content\/uploads\/2020\/11\/IMG_7753-300.png 300w, https:\/\/www.seleeg.net\/wp-content\/uploads\/2020\/11\/IMG_7753-300-80x80.png 80w, https:\/\/www.seleeg.net\/wp-content\/uploads\/2020\/11\/IMG_7753-300-36x36.png 36w, https:\/\/www.seleeg.net\/wp-content\/uploads\/2020\/11\/IMG_7753-300-180x180.png 180w, https:\/\/www.seleeg.net\/wp-content\/uploads\/2020\/11\/IMG_7753-300-120x120.png 120w\" sizes=\"auto, (max-width: 300px) 100vw, 300px\" \/><img loading=\"lazy\" decoding=\"async\" class=\"size-medium wp-image-1408 alignnone\" src=\"http:\/\/www.seleeg.net\/wp-content\/uploads\/2020\/11\/IMG_2140-300x300.jpg\" alt=\"\" width=\"300\" height=\"300\" srcset=\"https:\/\/www.seleeg.net\/wp-content\/uploads\/2020\/11\/IMG_2140-300x300.jpg 300w, https:\/\/www.seleeg.net\/wp-content\/uploads\/2020\/11\/IMG_2140-1030x1030.jpg 1030w, https:\/\/www.seleeg.net\/wp-content\/uploads\/2020\/11\/IMG_2140-80x80.jpg 80w, https:\/\/www.seleeg.net\/wp-content\/uploads\/2020\/11\/IMG_2140-768x768.jpg 768w, https:\/\/www.seleeg.net\/wp-content\/uploads\/2020\/11\/IMG_2140-1536x1536.jpg 1536w, https:\/\/www.seleeg.net\/wp-content\/uploads\/2020\/11\/IMG_2140-2048x2048.jpg 2048w, https:\/\/www.seleeg.net\/wp-content\/uploads\/2020\/11\/IMG_2140-36x36.jpg 36w, https:\/\/www.seleeg.net\/wp-content\/uploads\/2020\/11\/IMG_2140-180x180.jpg 180w, https:\/\/www.seleeg.net\/wp-content\/uploads\/2020\/11\/IMG_2140-1500x1500.jpg 1500w, https:\/\/www.seleeg.net\/wp-content\/uploads\/2020\/11\/IMG_2140-705x705.jpg 705w, https:\/\/www.seleeg.net\/wp-content\/uploads\/2020\/11\/IMG_2140-120x120.jpg 120w, https:\/\/www.seleeg.net\/wp-content\/uploads\/2020\/11\/IMG_2140-450x450.jpg 450w\" sizes=\"auto, (max-width: 300px) 100vw, 300px\" \/><\/span><\/p>\n<p><span style=\"font-family: verdana, geneva, sans-serif; font-size: 10pt;\"><b>Kooperationen und Auftragsarbeiten<\/b><\/span><\/p>\n<p><span style=\"font-family: verdana, geneva, sans-serif; font-size: 10pt;\">Neben den eigenen Produkten sind bereits einige Zusammenarbeiten und Kooperationen mit anderen Unternehmen entstanden. Die Allesn\u00e4her entwerfen zum Beispiel einen Stoff und kreieren ein zu dem Unternehmen passendes Produkt. Gefertigt wird es entweder von den Allesn\u00e4hern selbst oder einer Werkstatt f\u00fcr Menschen mit Einschr\u00e4nkungen.<\/span><\/p>\n<p><span style=\"font-family: verdana, geneva, sans-serif; font-size: 10pt;\"><b>Wir n\u00e4hen zuhause Masken<\/b><\/span><\/p>\n<p><span style=\"font-family: verdana, geneva, sans-serif; font-size: 10pt;\">Mit der Einf\u00fchrung der Maskenpflicht w\u00e4hrend der Corona-Pandemie gab es einen hohen Bedarf an Mund- und Nasenmasken. Die Allesn\u00e4her organisierten eine \u201eWir n\u00e4hen zuhause\u201c-Aktion und so wurden \u00fcber die Zeit um die 700 Masken f\u00fcr Einzelpersonen und Unternehmen gefertigt. Eine N\u00e4hanleitung haben die Allesn\u00e4her ebenfalls gefertigt, diese ist <a href=\"http:\/\/www.seleeg.net\/?p=1312\">hier<\/a> zu finden.<\/span><\/p>\n<p><span style=\"font-family: verdana, geneva, sans-serif; font-size: 10pt;\">Die Einnahmen, die \u00fcber den Verkauf der eigenen Produkte oder im Rahmen der Unternehmenskooperationen erzielt werden, werden f\u00fcr weitere Projekte der Allesn\u00e4her sowie der SeLe Serrig Lebenswert eG genutzt und kommen Serrig und den Serrigern zu Gute.<\/span><\/p>\n<p><span style=\"font-family: verdana, geneva, sans-serif; font-size: 10pt;\"><strong>Die Allesn\u00e4her in den Medien<\/strong><\/span><\/p>\n<p><span style=\"font-family: verdana, geneva, sans-serif; font-size: 10pt;\">Zu Gast im <a href=\"https:\/\/soundcloud.com\/theo-gledel\/serrig-hor-zu-die-allesnaher\">Serrig-Podcast<\/a><\/span><\/p>\n<p><span style=\"font-family: verdana, geneva, sans-serif; font-size: 10pt;\">Blogbeitrag im Saarkind-Blog zu den Themen <a href=\"https:\/\/www.saarkind.com\/post\/wenn-saarkinder-n\u00e4hen\">Zusammenarbeit mit Saarkind<\/a>,\u00a0<a href=\"https:\/\/www.saarkind.com\/post\/es-gibt-sie-auch-in-sch\u00f6n-nachhaltig\">Masken n\u00e4hen<\/a><span class=\"Apple-converted-space\">\u00a0 sowie <a href=\"https:\/\/www.saarkind.com\/post\/saarkind-upcycling-wie-aus-aussortiertem-etwas-ganz-neues-wurde\">Upcycling<\/a><\/span><\/span><\/p>\n<p><span style=\"font-family: verdana, geneva, sans-serif; font-size: 10pt;\">Auch das SWR Fernsehen ist auf die Allesn\u00e4her und ihr Serrigstoff-Projekt aufmerksam geworden. Einen Beitrag der Landesschau findet ihr <a href=\"https:\/\/www.swrfernsehen.de\/landesschau-rp\/specials\/1162233-100.html\">hier<\/a>.<\/span><\/p>\n<\/div><\/section>\n<div  class='hr av-21cco-b4a9e461309f9b42401e7fb48892069e hr-default  avia-builder-el-1  el_after_av_textblock  el_before_av_one_full '><span class='hr-inner '><span class=\"hr-inner-style\"><\/span><\/span><\/div>\n\n<style type=\"text\/css\" data-created_by=\"avia_inline_auto\" id=\"style-css-av-1ppak-346a00691591aa41c1e3f3fdae3cb523\">\n.flex_column.av-1ppak-346a00691591aa41c1e3f3fdae3cb523{\n-webkit-border-radius:0px 0px 0px 0px;\n-moz-border-radius:0px 0px 0px 0px;\nborder-radius:0px 0px 0px 0px;\npadding:0px 0px 0px 0px;\n}\n<\/style>\n<div class='flex_column av-1ppak-346a00691591aa41c1e3f3fdae3cb523 av_one_full  avia-builder-el-2  el_after_av_hr  avia-builder-el-last  first flex_column_div av-zero-column-padding '     ><section  class='av_textblock_section av-k5b04adq-2020e12ffe9dfc490aa80e13cabb2c65'  itemscope=\"itemscope\" itemtype=\"https:\/\/schema.org\/CreativeWork\" ><div class='avia_textblock'  itemprop=\"text\" ><p><span style=\"font-family: verdana, geneva, sans-serif;\"><strong>Lust bekommen bei uns mitzumachen?<\/strong><\/span><\/p>\n<p><span style=\"font-family: verdana, geneva, sans-serif;\">Mehr Infos unter\u00a0<a href=\"mailto:die-allesnaeher@gmx.de\" target=\"_blank\" rel=\"noopener noreferrer\">die-allesnaeher@gmx.de<\/a>, Tel. 06581 &#8211; 923 531. <\/span><span style=\"font-family: verdana, geneva, sans-serif;\">Mehr von uns zu sehen gibt es au\u00dferdem auf\u00a0 <a href=\"https:\/\/fb.me\/dieallesnaeher\"><img loading=\"lazy\" decoding=\"async\" class=\"alignnone wp-image-435\" src=\"http:\/\/www.seleeg.net\/wp-content\/uploads\/2020\/01\/FB-Logo-300x300.png\" alt=\"https:\/\/fb.me\/dieallesnaeher\" width=\"25\" height=\"25\" srcset=\"https:\/\/www.seleeg.net\/wp-content\/uploads\/2020\/01\/FB-Logo-300x300.png 300w, https:\/\/www.seleeg.net\/wp-content\/uploads\/2020\/01\/FB-Logo-1030x1030.png 1030w, https:\/\/www.seleeg.net\/wp-content\/uploads\/2020\/01\/FB-Logo-80x80.png 80w, https:\/\/www.seleeg.net\/wp-content\/uploads\/2020\/01\/FB-Logo-768x768.png 768w, https:\/\/www.seleeg.net\/wp-content\/uploads\/2020\/01\/FB-Logo-1536x1536.png 1536w, https:\/\/www.seleeg.net\/wp-content\/uploads\/2020\/01\/FB-Logo-36x36.png 36w, https:\/\/www.seleeg.net\/wp-content\/uploads\/2020\/01\/FB-Logo-180x180.png 180w, https:\/\/www.seleeg.net\/wp-content\/uploads\/2020\/01\/FB-Logo-1500x1500.png 1500w, https:\/\/www.seleeg.net\/wp-content\/uploads\/2020\/01\/FB-Logo-705x705.png 705w, https:\/\/www.seleeg.net\/wp-content\/uploads\/2020\/01\/FB-Logo-120x120.png 120w, https:\/\/www.seleeg.net\/wp-content\/uploads\/2020\/01\/FB-Logo-450x450.png 450w, https:\/\/www.seleeg.net\/wp-content\/uploads\/2020\/01\/FB-Logo.png 1600w\" sizes=\"auto, (max-width: 25px) 100vw, 25px\" \/><\/a><\/span><span style=\"font-family: verdana, geneva, sans-serif;\">und <\/span><a href=\"https:\/\/www.instagram.com\/dieallesnaeher\/\"><img loading=\"lazy\" decoding=\"async\" class=\"alignnone wp-image-433\" style=\"font-family: verdana, geneva, sans-serif;\" src=\"http:\/\/www.seleeg.net\/wp-content\/uploads\/2020\/01\/Insta-Logo-300x300.png\" alt=\"https:\/\/www.instagram.com\/dieallesnaeher\" width=\"25\" height=\"25\" srcset=\"https:\/\/www.seleeg.net\/wp-content\/uploads\/2020\/01\/Insta-Logo-300x300.png 300w, https:\/\/www.seleeg.net\/wp-content\/uploads\/2020\/01\/Insta-Logo-80x80.png 80w, https:\/\/www.seleeg.net\/wp-content\/uploads\/2020\/01\/Insta-Logo-768x768.png 768w, https:\/\/www.seleeg.net\/wp-content\/uploads\/2020\/01\/Insta-Logo-36x36.png 36w, https:\/\/www.seleeg.net\/wp-content\/uploads\/2020\/01\/Insta-Logo-180x180.png 180w, https:\/\/www.seleeg.net\/wp-content\/uploads\/2020\/01\/Insta-Logo-705x705.png 705w, https:\/\/www.seleeg.net\/wp-content\/uploads\/2020\/01\/Insta-Logo-120x120.png 120w, https:\/\/www.seleeg.net\/wp-content\/uploads\/2020\/01\/Insta-Logo-450x450.png 450w, https:\/\/www.seleeg.net\/wp-content\/uploads\/2020\/01\/Insta-Logo.png 1024w\" sizes=\"auto, (max-width: 25px) 100vw, 25px\" \/><\/a><\/p>\n<\/div><\/section><\/div>\n","protected":false},"excerpt":{"rendered":"","protected":false},"author":2,"featured_media":0,"parent":86,"menu_order":0,"comment_status":"closed","ping_status":"closed","template":"","meta":{"footnotes":""},"class_list":["post-96","page","type-page","status-publish","hentry"],"_links":{"self":[{"href":"https:\/\/www.seleeg.net\/index.php?rest_route=\/wp\/v2\/pages\/96","targetHints":{"allow":["GET"]}}],"collection":[{"href":"https:\/\/www.seleeg.net\/index.php?rest_route=\/wp\/v2\/pages"}],"about":[{"href":"https:\/\/www.seleeg.net\/index.php?rest_route=\/wp\/v2\/types\/page"}],"author":[{"embeddable":true,"href":"https:\/\/www.seleeg.net\/index.php?rest_route=\/wp\/v2\/users\/2"}],"replies":[{"embeddable":true,"href":"https:\/\/www.seleeg.net\/index.php?rest_route=%2Fwp%2Fv2%2Fcomments&post=96"}],"version-history":[{"count":38,"href":"https:\/\/www.seleeg.net\/index.php?rest_route=\/wp\/v2\/pages\/96\/revisions"}],"predecessor-version":[{"id":1752,"href":"https:\/\/www.seleeg.net\/index.php?rest_route=\/wp\/v2\/pages\/96\/revisions\/1752"}],"up":[{"embeddable":true,"href":"https:\/\/www.seleeg.net\/index.php?rest_route=\/wp\/v2\/pages\/86"}],"wp:attachment":[{"href":"https:\/\/www.seleeg.net\/index.php?rest_route=%2Fwp%2Fv2%2Fmedia&parent=96"}],"curies":[{"name":"wp","href":"https:\/\/api.w.org\/{rel}","templated":true}]}}