{"id":86,"date":"2019-08-26T19:46:44","date_gmt":"2019-08-26T17:46:44","guid":{"rendered":"http:\/\/www.seleeg.net\/?page_id=86"},"modified":"2019-10-27T15:29:20","modified_gmt":"2019-10-27T14:29:20","slug":"projekte","status":"publish","type":"page","link":"https:\/\/www.seleeg.net\/?page_id=86","title":{"rendered":"Unterst\u00fctzte Projekte"},"content":{"rendered":"\n<style type=\"text\/css\" data-created_by=\"avia_inline_auto\" id=\"style-css-av-5gd2-fcdbf85188588c4ea8b78d8966578917\">\n.flex_column.av-5gd2-fcdbf85188588c4ea8b78d8966578917{\n-webkit-border-radius:0px 0px 0px 0px;\n-moz-border-radius:0px 0px 0px 0px;\nborder-radius:0px 0px 0px 0px;\npadding:0px 0px 0px 0px;\n}\n<\/style>\n<div class='flex_column av-5gd2-fcdbf85188588c4ea8b78d8966578917 av_two_fifth  avia-builder-el-0  el_before_av_three_fifth  avia-builder-el-first  first flex_column_div av-zero-column-padding '     ><p>\n<style type=\"text\/css\" data-created_by=\"avia_inline_auto\" id=\"style-css-av-2b67a-e8fbdb6424f09515d09a872ec25207e6\">\n#top .av-special-heading.av-2b67a-e8fbdb6424f09515d09a872ec25207e6{\npadding-bottom:10px;\n}\nbody .av-special-heading.av-2b67a-e8fbdb6424f09515d09a872ec25207e6 .av-special-heading-tag .heading-char{\nfont-size:25px;\n}\n.av-special-heading.av-2b67a-e8fbdb6424f09515d09a872ec25207e6 .av-subheading{\nfont-size:15px;\n}\n<\/style>\n<div  class='av-special-heading av-2b67a-e8fbdb6424f09515d09a872ec25207e6 av-special-heading-h1  avia-builder-el-1  el_before_av_textblock  avia-builder-el-first '><h1 class='av-special-heading-tag'  itemprop=\"headline\"  >Die Allesn\u00e4her<\/h1><div class=\"special-heading-border\"><div class=\"special-heading-inner-border\"><\/div><\/div><\/div><br \/>\n<section  class='av_textblock_section av-k28v9tyh-92bf2ad861ba6a33b17cde793633fd1b'  itemscope=\"itemscope\" itemtype=\"https:\/\/schema.org\/CreativeWork\" ><div class='avia_textblock'  itemprop=\"text\" ><p><span style=\"font-family: verdana, geneva, sans-serif;\">den Ort mit seinen Merkmalen und Besonderheiten einer breiteren Allgemeinheit zu pr\u00e4sentieren, wie z.B. mithilfe eines Stoffes f\u00fcr Serrig und den passenden Produkten, entwickelt von den Allesn\u00e4hern.<\/span><\/p>\n<\/div><\/section><br \/>\n<div  class='avia-button-wrap av-k28vb51f-b8ed62d9b926d859842c5ef81988ff89-wrap avia-button-left  avia-builder-el-3  el_after_av_textblock  avia-builder-el-last '><a href='https:\/\/www.seleeg.net\/?page_id=96'  class='avia-button av-k28vb51f-b8ed62d9b926d859842c5ef81988ff89 avia-icon_select-no avia-size-small avia-position-left avia-color-theme-color'  ><span class='avia_iconbox_title' >Mehr Infos<\/span><\/a><\/div><\/p><\/div>\n\n<style type=\"text\/css\" data-created_by=\"avia_inline_auto\" id=\"style-css-av-12djq-1a55e57fabe0943b230553446f1736c6\">\n.flex_column.av-12djq-1a55e57fabe0943b230553446f1736c6{\n-webkit-border-radius:0px 0px 0px 0px;\n-moz-border-radius:0px 0px 0px 0px;\nborder-radius:0px 0px 0px 0px;\npadding:0px 0px 0px 0px;\n}\n<\/style>\n<div class='flex_column av-12djq-1a55e57fabe0943b230553446f1736c6 av_three_fifth  avia-builder-el-4  el_after_av_two_fifth  el_before_av_section  avia-builder-el-last  flex_column_div av-zero-column-padding '     ><div id='av-masonry-1' class='av-masonry av-k28vcbqn-52512dcf97ede346ba620450b334abdb noHover av-fixed-size av-1px-gap av-hover-overlay- av-masonry-animation- av-masonry-col-4 av-caption-always av-caption-style- av-masonry-gallery av-orientation-square ' data-post_id=\"86\"><div class=\"av-masonry-container isotope av-js-disabled\"><div class='av-masonry-entry isotope-item av-masonry-item-no-image '><\/div><div id='av-masonry-1-item-131' data-av-masonry-item='131' class='av-masonry-entry isotope-item post-131 attachment type-attachment status-inherit hentry  av-masonry-item-with-image'    itemprop=\"thumbnailUrl\" ><div class='av-inner-masonry-sizer'><\/div><figure class='av-inner-masonry main_color'><div class=\"av-masonry-outerimage-container\"><div class='av-masonry-image-container' style=\"background-image: url(https:\/\/www.seleeg.net\/wp-content\/uploads\/2019\/09\/Allesn\u00e4her_Produkte-705x705.jpeg);\"  title=\"Allesn\u00e4her_Produkte\"  ><\/div><\/div><\/figure><\/div><!--end av-masonry entry--><div id='av-masonry-1-item-128' data-av-masonry-item='128' class='av-masonry-entry isotope-item post-128 attachment type-attachment status-inherit hentry  av-masonry-item-with-image'    itemprop=\"thumbnailUrl\" ><div class='av-inner-masonry-sizer'><\/div><figure class='av-inner-masonry main_color'><div class=\"av-masonry-outerimage-container\"><div class='av-masonry-image-container' style=\"background-image: url(https:\/\/www.seleeg.net\/wp-content\/uploads\/2019\/08\/Allesn\u00e4her_Farbauswahl-705x705.jpg);\"  title=\"Allesn\u00e4her_Farbauswahl\"  ><\/div><\/div><\/figure><\/div><!--end av-masonry entry--><div id='av-masonry-1-item-127' data-av-masonry-item='127' class='av-masonry-entry isotope-item post-127 attachment type-attachment status-inherit hentry  av-masonry-item-with-image'    itemprop=\"thumbnailUrl\" ><div class='av-inner-masonry-sizer'><\/div><figure class='av-inner-masonry main_color'><div class=\"av-masonry-outerimage-container\"><div class='av-masonry-image-container' style=\"background-image: url(https:\/\/www.seleeg.net\/wp-content\/uploads\/2019\/08\/Allesn\u00e4her_Braguettbeutel-705x705.jpg);\"  title=\"Allesn\u00e4her_Braguettbeutel\"  ><\/div><\/div><\/figure><\/div><!--end av-masonry entry--><div id='av-masonry-1-item-126' data-av-masonry-item='126' class='av-masonry-entry isotope-item post-126 attachment type-attachment status-inherit hentry  av-masonry-item-with-image'    itemprop=\"thumbnailUrl\" ><div class='av-inner-masonry-sizer'><\/div><figure class='av-inner-masonry main_color'><div class=\"av-masonry-outerimage-container\"><div class='av-masonry-image-container' style=\"background-image: url(https:\/\/www.seleeg.net\/wp-content\/uploads\/2019\/08\/Allesn\u00e4her_weinrein-705x705.jpg);\"  title=\"Allesn\u00e4her_weinrein\"  ><\/div><\/div><\/figure><\/div><!--end av-masonry entry--><\/div><\/div><\/div>\n<\/div><\/div><\/div><!-- close content main div --><\/div><\/div>\n<style type=\"text\/css\" data-created_by=\"avia_inline_auto\" id=\"style-css-av-k28vld0q-59f350129b341dfb51f46920a781c427\">\n.avia-section.av-k28vld0q-59f350129b341dfb51f46920a781c427{\nbackground-color:#005425;\nbackground-image:unset;\n}\n<\/style>\n<div id='av_section_1'  class='avia-section av-k28vld0q-59f350129b341dfb51f46920a781c427 main_color avia-section-default avia-no-border-styling  avia-builder-el-6  el_after_av_three_fifth  el_before_av_two_fifth  avia-bg-style-scroll container_wrap fullsize'  ><div class='container av-section-cont-open' ><div class='template-page content  av-content-full alpha units'><div class='post-entry post-entry-type-page post-entry-86'><div class='entry-content-wrapper clearfix'>\n<div class='flex_column_table av-1nnd6-92bcd67f4dc89446cbe658b3201a62c1 sc-av_three_fifth av-equal-height-column-flextable'>\n<style type=\"text\/css\" data-created_by=\"avia_inline_auto\" id=\"style-css-av-1nnd6-92bcd67f4dc89446cbe658b3201a62c1\">\n@-webkit-keyframes av_boxShadowEffect_av-1nnd6-92bcd67f4dc89446cbe658b3201a62c1-row {\n0%   { box-shadow:  0 0 0 0 ; opacity: 1; }\n100% { box-shadow:  0 0 10px 0 ; opacity: 1; }\n}\n@keyframes av_boxShadowEffect_av-1nnd6-92bcd67f4dc89446cbe658b3201a62c1-row {\n0%   { box-shadow:  0 0 0 0 ; opacity: 1; }\n100% { box-shadow:  0 0 10px 0 ; opacity: 1; }\n}\n.flex_column.av-1nnd6-92bcd67f4dc89446cbe658b3201a62c1{\n-webkit-border-radius:0px 0px 0px 0px;\n-moz-border-radius:0px 0px 0px 0px;\nborder-radius:0px 0px 0px 0px;\npadding:0px 0px 0px 0px;\n}\n<\/style>\n<div class='flex_column av-1nnd6-92bcd67f4dc89446cbe658b3201a62c1 av_three_fifth  avia-builder-el-7  el_before_av_two_fifth  avia-builder-el-first  first no_margin flex_column_table_cell av-equal-height-column av-align-middle av-zero-column-padding '     ><div id='av-masonry-2' class='av-masonry av-k28x1o9t-b88d30a970d38090caca02419c46a5bc noHover av-fixed-size av-large-gap av-hover-overlay-active av-masonry-animation-active av-masonry-col-3 av-caption-on-hover-hide av-caption-style- av-masonry-gallery ' data-post_id=\"86\"><div class=\"av-masonry-container isotope av-js-disabled\"><div class='av-masonry-entry isotope-item av-masonry-item-no-image '><\/div><a href=\"https:\/\/www.seleeg.net\/wp-content\/uploads\/2019\/10\/Serriger-Dorfcaffe-1030x687.jpg\" data-srcset=\"https:\/\/www.seleeg.net\/wp-content\/uploads\/2019\/10\/Serriger-Dorfcaffe-1030x687.jpg 1030w, https:\/\/www.seleeg.net\/wp-content\/uploads\/2019\/10\/Serriger-Dorfcaffe-300x200.jpg 300w, https:\/\/www.seleeg.net\/wp-content\/uploads\/2019\/10\/Serriger-Dorfcaffe-768x512.jpg 768w, https:\/\/www.seleeg.net\/wp-content\/uploads\/2019\/10\/Serriger-Dorfcaffe-1500x1000.jpg 1500w, https:\/\/www.seleeg.net\/wp-content\/uploads\/2019\/10\/Serriger-Dorfcaffe-705x470.jpg 705w, https:\/\/www.seleeg.net\/wp-content\/uploads\/2019\/10\/Serriger-Dorfcaffe-450x300.jpg 450w\" data-sizes=\"(max-width: 1030px) 100vw, 1030px\"  aria-label=\"Bild Serriger-Dorfcaffe\"  id='av-masonry-2-item-304' data-av-masonry-item='304' class='av-masonry-entry isotope-item post-304 attachment type-attachment status-inherit hentry  av-masonry-item-with-image' title=\"Serriger-Dorfcaffe\" alt=\"\"    itemprop=\"thumbnailUrl\" ><div class='av-inner-masonry-sizer'><\/div><figure class='av-inner-masonry main_color'><div class=\"av-masonry-outerimage-container\"><div class='av-masonry-image-container' style=\"background-image: url(https:\/\/www.seleeg.net\/wp-content\/uploads\/2019\/10\/Serriger-Dorfcaffe-705x470.jpg);\"  title=\"Serriger-Dorfcaffe\"  ><\/div><\/div><\/figure><\/a><!--end av-masonry entry--><a href=\"https:\/\/www.seleeg.net\/wp-content\/uploads\/2019\/10\/Serriger-Dorfcaffe-1.jpg\" data-srcset=\"https:\/\/www.seleeg.net\/wp-content\/uploads\/2019\/10\/Serriger-Dorfcaffe-1.jpg 750w, https:\/\/www.seleeg.net\/wp-content\/uploads\/2019\/10\/Serriger-Dorfcaffe-1-80x80.jpg 80w, https:\/\/www.seleeg.net\/wp-content\/uploads\/2019\/10\/Serriger-Dorfcaffe-1-300x300.jpg 300w, https:\/\/www.seleeg.net\/wp-content\/uploads\/2019\/10\/Serriger-Dorfcaffe-1-36x36.jpg 36w, https:\/\/www.seleeg.net\/wp-content\/uploads\/2019\/10\/Serriger-Dorfcaffe-1-180x180.jpg 180w, https:\/\/www.seleeg.net\/wp-content\/uploads\/2019\/10\/Serriger-Dorfcaffe-1-705x705.jpg 705w, https:\/\/www.seleeg.net\/wp-content\/uploads\/2019\/10\/Serriger-Dorfcaffe-1-120x120.jpg 120w, https:\/\/www.seleeg.net\/wp-content\/uploads\/2019\/10\/Serriger-Dorfcaffe-1-450x450.jpg 450w\" data-sizes=\"(max-width: 750px) 100vw, 750px\"  aria-label=\"Bild Serriger-Dorfcaffe 1\"  id='av-masonry-2-item-303' data-av-masonry-item='303' class='av-masonry-entry isotope-item post-303 attachment type-attachment status-inherit hentry  av-masonry-item-with-image' title=\"Serriger-Dorfcaffe 1\" alt=\"http:\/\/www.seleeg.net\"    itemprop=\"thumbnailUrl\" ><div class='av-inner-masonry-sizer'><\/div><figure class='av-inner-masonry main_color'><div class=\"av-masonry-outerimage-container\"><div class='av-masonry-image-container' style=\"background-image: url(https:\/\/www.seleeg.net\/wp-content\/uploads\/2019\/10\/Serriger-Dorfcaffe-1-705x705.jpg);\"  title=\"Serriger-Dorfcaffe 1\"   alt=\"http:\/\/www.seleeg.net\" ><\/div><\/div><\/figure><\/a><!--end av-masonry entry--><\/div><\/div><\/div>\n<style type=\"text\/css\" data-created_by=\"avia_inline_auto\" id=\"style-css-av-2oza-e6a36909cbf75278ddec2ecef1f2a32d\">\n.flex_column.av-2oza-e6a36909cbf75278ddec2ecef1f2a32d{\n-webkit-border-radius:0px 0px 0px 0px;\n-moz-border-radius:0px 0px 0px 0px;\nborder-radius:0px 0px 0px 0px;\npadding:0px 0px 0px 0px;\n}\n<\/style>\n<div class='flex_column av-2oza-e6a36909cbf75278ddec2ecef1f2a32d av_two_fifth  avia-builder-el-9  el_after_av_three_fifth  avia-builder-el-last  no_margin flex_column_table_cell av-equal-height-column av-align-middle av-zero-column-padding '     ><p>\n<style type=\"text\/css\" data-created_by=\"avia_inline_auto\" id=\"style-css-av-1gzbi-b4cf215538943fff1cbe3b7dab0af1b0\">\n#top .av-special-heading.av-1gzbi-b4cf215538943fff1cbe3b7dab0af1b0{\npadding-bottom:10px;\ncolor:#ffffff;\n}\nbody .av-special-heading.av-1gzbi-b4cf215538943fff1cbe3b7dab0af1b0 .av-special-heading-tag .heading-char{\nfont-size:25px;\n}\n.av-special-heading.av-1gzbi-b4cf215538943fff1cbe3b7dab0af1b0 .special-heading-inner-border{\nborder-color:#ffffff;\n}\n.av-special-heading.av-1gzbi-b4cf215538943fff1cbe3b7dab0af1b0 .av-subheading{\nfont-size:15px;\n}\n<\/style>\n<div  class='av-special-heading av-1gzbi-b4cf215538943fff1cbe3b7dab0af1b0 av-special-heading-h1 custom-color-heading  avia-builder-el-10  el_before_av_textblock  avia-builder-el-first '><h1 class='av-special-heading-tag'  itemprop=\"headline\"  >Das Dorfcafe<\/h1><div class=\"special-heading-border\"><div class=\"special-heading-inner-border\"><\/div><\/div><\/div><br \/>\n\n<style type=\"text\/css\" data-created_by=\"avia_inline_auto\" id=\"style-css-av-k28wm1w6-c4d45ad8cd49f739e7ca9b41b25e3ffb\">\n#top .av_textblock_section.av-k28wm1w6-c4d45ad8cd49f739e7ca9b41b25e3ffb .avia_textblock{\ncolor:#ffffff;\n}\n<\/style>\n<section  class='av_textblock_section av-k28wm1w6-c4d45ad8cd49f739e7ca9b41b25e3ffb'  itemscope=\"itemscope\" itemtype=\"https:\/\/schema.org\/CreativeWork\" ><div class='avia_textblock av_inherit_color'  itemprop=\"text\" ><p><span style=\"font-family: verdana, geneva, sans-serif;\">Die SeLe unterst\u00fctzt auf vielf\u00e4ltige Art und Weise verschiedene f\u00fcr den Ort initiierte Projekte und Aktivit\u00e4ten. Diese haben das Ziel <\/span><span style=\"font-family: verdana, geneva, sans-serif;\">die Serriger in verschiedenen Treffen zusammenzubringen und sich begegnen und austauschen zu lassen, z.B. in einem regelm\u00e4\u00dfig stattfindenden <\/span><strong style=\"font-family: verdana, geneva, sans-serif;\">Dorfcaf\u00e9<\/strong><span style=\"font-family: verdana, geneva, sans-serif;\"> oder <\/span><strong style=\"font-family: verdana, geneva, sans-serif;\">Feierabendtreff.<\/strong><\/p>\n<\/div><\/section><br \/>\n<div  class='avia-button-wrap av-k28vb51f-d040905e32e0803000e7852170d0da59-wrap avia-button-left  avia-builder-el-12  el_after_av_textblock  avia-builder-el-last '><a href='https:\/\/www.seleeg.net\/?page_id=204'  class='avia-button av-k28vb51f-d040905e32e0803000e7852170d0da59 avia-icon_select-no avia-size-small avia-position-left avia-color-black'  ><span class='avia_iconbox_title' >Mehr Infos<\/span><\/a><\/div><\/p><\/div><\/div><!--close column table wrapper. Autoclose: 1 -->\n<\/div><\/div><\/div><!-- close content main div --><\/div><\/div><div id='after_section_1'  class='main_color av_default_container_wrap container_wrap fullsize'  ><div class='container av-section-cont-open' ><div class='template-page content  av-content-full alpha units'><div class='post-entry post-entry-type-page post-entry-86'><div class='entry-content-wrapper clearfix'>\n\n<style type=\"text\/css\" data-created_by=\"avia_inline_auto\" id=\"style-css-av-1d5ti-31f2a24daa6c0b3e73ccb3ce47f521a8\">\n.flex_column.av-1d5ti-31f2a24daa6c0b3e73ccb3ce47f521a8{\n-webkit-border-radius:0px 0px 0px 0px;\n-moz-border-radius:0px 0px 0px 0px;\nborder-radius:0px 0px 0px 0px;\npadding:0px 0px 0px 0px;\n}\n<\/style>\n<div class='flex_column av-1d5ti-31f2a24daa6c0b3e73ccb3ce47f521a8 av_two_fifth  avia-builder-el-13  el_after_av_section  el_before_av_three_fifth  avia-builder-el-first  first flex_column_div av-zero-column-padding '     ><p>\n<style type=\"text\/css\" data-created_by=\"avia_inline_auto\" id=\"style-css-av-o2t6-3ff4ed9326141ab9a8b9a9bd703193e1\">\n#top .av-special-heading.av-o2t6-3ff4ed9326141ab9a8b9a9bd703193e1{\npadding-bottom:10px;\n}\nbody .av-special-heading.av-o2t6-3ff4ed9326141ab9a8b9a9bd703193e1 .av-special-heading-tag .heading-char{\nfont-size:25px;\n}\n.av-special-heading.av-o2t6-3ff4ed9326141ab9a8b9a9bd703193e1 .av-subheading{\nfont-size:15px;\n}\n<\/style>\n<div  class='av-special-heading av-o2t6-3ff4ed9326141ab9a8b9a9bd703193e1 av-special-heading-h1  avia-builder-el-14  el_before_av_textblock  avia-builder-el-first '><h1 class='av-special-heading-tag'  itemprop=\"headline\"  >Neues aus Serrig<\/h1><div class=\"special-heading-border\"><div class=\"special-heading-inner-border\"><\/div><\/div><\/div><br \/>\n<section  class='av_textblock_section av-k292brcf-bbcc9a1b0eb8368d0fd27d30c0b4e4f1'  itemscope=\"itemscope\" itemtype=\"https:\/\/schema.org\/CreativeWork\" ><div class='avia_textblock'  itemprop=\"text\" ><p><span style=\"font-family: verdana, geneva, sans-serif;\">Fast 400 Abonnenten des Online-Kanals \u201eNeues aus Serrig\u201c in der App <a href=\"https:\/\/telegram.org\/\">Telegram<\/a> oder auf <a href=\"http:\/\/www.twitter.com\">Twitter<\/a> sowie 150 Leser der Printausgabe informieren sich inzwischen regelm\u00e4\u00dfig \u00fcber die Neuigkeiten aus Serrig. Der Kanal wurde mit dem Ziel gegr\u00fcndet, \u00fcber die Resultate und die Aktivit\u00e4ten der Dorfmoderation zu berichten, ist aber viel mehr als das. Unter dem Titel \u201eNeues aus Serrig\u201c werden Veranstaltungen angek\u00fcndigt, Bekanntmachungen und Berichte \u00fcber Aktivit\u00e4ten und Ereignisse im Dorf ver\u00f6ffentlicht und viele weitere Informationen mehr mit den Serrigerinnen und Serrigern geteilt.<\/span><\/p>\n<\/div><\/section><br \/>\n<div  class='avia-button-wrap av-k28vb51f-aed446ee80be047422568bab8e2c2d1b-wrap avia-button-left  avia-builder-el-16  el_after_av_textblock  avia-builder-el-last '><a href='https:\/\/www.seleeg.net\/?page_id=204'  class='avia-button av-k28vb51f-aed446ee80be047422568bab8e2c2d1b avia-icon_select-no avia-size-small avia-position-left avia-color-theme-color'  ><span class='avia_iconbox_title' >Mehr Infos<\/span><\/a><\/div><\/p><\/div>\n\n<style type=\"text\/css\" data-created_by=\"avia_inline_auto\" id=\"style-css-av-15bvi-dfd992719c6d307bc9a06ebee5cbab08\">\n.flex_column.av-15bvi-dfd992719c6d307bc9a06ebee5cbab08{\n-webkit-border-radius:0px 0px 0px 0px;\n-moz-border-radius:0px 0px 0px 0px;\nborder-radius:0px 0px 0px 0px;\npadding:0px 0px 0px 0px;\n}\n<\/style>\n<div class='flex_column av-15bvi-dfd992719c6d307bc9a06ebee5cbab08 av_three_fifth  avia-builder-el-17  el_after_av_two_fifth  el_before_av_image_hotspot  avia-builder-el-last  flex_column_div av-zero-column-padding '     ><section  class='av_textblock_section av-k292oj4u-011aac5eb5e07a6ea6c6a25b114ec3b7'  itemscope=\"itemscope\" itemtype=\"https:\/\/schema.org\/CreativeWork\" ><div class='avia_textblock'  itemprop=\"text\" ><p><img loading=\"lazy\" decoding=\"async\" class=\"alignnone wp-image-317\" src=\"http:\/\/www.seleeg.net\/wp-content\/uploads\/2019\/10\/Neues-aus-Serrig-1-300x200.jpg\" alt=\"\" width=\"1031\" height=\"687\" srcset=\"https:\/\/www.seleeg.net\/wp-content\/uploads\/2019\/10\/Neues-aus-Serrig-1-300x200.jpg 300w, https:\/\/www.seleeg.net\/wp-content\/uploads\/2019\/10\/Neues-aus-Serrig-1-768x512.jpg 768w, https:\/\/www.seleeg.net\/wp-content\/uploads\/2019\/10\/Neues-aus-Serrig-1-1030x687.jpg 1030w, https:\/\/www.seleeg.net\/wp-content\/uploads\/2019\/10\/Neues-aus-Serrig-1-1500x1000.jpg 1500w, https:\/\/www.seleeg.net\/wp-content\/uploads\/2019\/10\/Neues-aus-Serrig-1-705x470.jpg 705w, https:\/\/www.seleeg.net\/wp-content\/uploads\/2019\/10\/Neues-aus-Serrig-1-450x300.jpg 450w\" sizes=\"auto, (max-width: 1031px) 100vw, 1031px\" \/><\/p>\n<\/div><\/section><\/div>\n<div  class='av-hotspot-image-container av-159k6-e42a3e8c7256b56ee89df48709988fa6  avia-builder-el-19  el_after_av_three_fifth  avia-builder-el-last  av-hotspot-numbered av-mobile-fallback-active  av-non-fullwidth-hotspot-image'  itemprop=\"image\" itemscope=\"itemscope\" itemtype=\"https:\/\/schema.org\/ImageObject\" ><div class='av-hotspot-container'><div class='av-hotspot-container-inner-cell'><div class='av-hotspot-container-inner-wrap'><img decoding=\"async\" class='wp-image-0 avia-img-lazy-loading-not-0 avia_image' src=\"http:\/\/www.seleeg.net\/wp-content\/themes\/enfold\/config-templatebuilder\/avia-template-builder\/images\/placeholder-full.jpg\" alt='' title=''   itemprop=\"thumbnailUrl\"  \/><\/div><\/div><\/div><\/div>\n","protected":false},"excerpt":{"rendered":"","protected":false},"author":2,"featured_media":0,"parent":0,"menu_order":0,"comment_status":"closed","ping_status":"closed","template":"","meta":{"footnotes":""},"class_list":["post-86","page","type-page","status-publish","hentry"],"_links":{"self":[{"href":"https:\/\/www.seleeg.net\/index.php?rest_route=\/wp\/v2\/pages\/86","targetHints":{"allow":["GET"]}}],"collection":[{"href":"https:\/\/www.seleeg.net\/index.php?rest_route=\/wp\/v2\/pages"}],"about":[{"href":"https:\/\/www.seleeg.net\/index.php?rest_route=\/wp\/v2\/types\/page"}],"author":[{"embeddable":true,"href":"https:\/\/www.seleeg.net\/index.php?rest_route=\/wp\/v2\/users\/2"}],"replies":[{"embeddable":true,"href":"https:\/\/www.seleeg.net\/index.php?rest_route=%2Fwp%2Fv2%2Fcomments&post=86"}],"version-history":[{"count":41,"href":"https:\/\/www.seleeg.net\/index.php?rest_route=\/wp\/v2\/pages\/86\/revisions"}],"predecessor-version":[{"id":1497,"href":"https:\/\/www.seleeg.net\/index.php?rest_route=\/wp\/v2\/pages\/86\/revisions\/1497"}],"wp:attachment":[{"href":"https:\/\/www.seleeg.net\/index.php?rest_route=%2Fwp%2Fv2%2Fmedia&parent=86"}],"curies":[{"name":"wp","href":"https:\/\/api.w.org\/{rel}","templated":true}]}}