{"id":220,"date":"2019-10-16T22:05:47","date_gmt":"2019-10-16T20:05:47","guid":{"rendered":"http:\/\/www.seleeg.net\/?page_id=220"},"modified":"2019-10-16T22:05:47","modified_gmt":"2019-10-16T20:05:47","slug":"weitere-aktionen","status":"publish","type":"page","link":"https:\/\/www.seleeg.net\/?page_id=220","title":{"rendered":"Weitere Aktionen"},"content":{"rendered":"<p><strong><span style=\"font-family: verdana, geneva, sans-serif;\">Weitere Aktionen<\/span><\/strong><\/p>\n<p><span style=\"font-family: verdana, geneva, sans-serif;\">Serrig ist ein Dorf der Generationen, das soll sich nicht nur in unserem Zusammenleben widerspiegeln, sondern auch in den Angeboten der SeLe. <\/span><\/p>\n<p><strong><span style=\"font-family: verdana, geneva, sans-serif;\">Nistk\u00e4sten<\/span><\/strong><br \/>\n<span style=\"font-family: verdana, geneva, sans-serif;\">So haben wir 2019 im Fr\u00fchjahr flei\u00dfig mit einigen \u201eKlein-Serrigern\u201c daf\u00fcr gesorgt, dass Amsel, Drossel, Fink und Star mit ihrem Nachwuchs eine Bleibe finden und Nistk\u00e4sten gebaut. Der Kreativit\u00e4t waren keine Grenzen gesetzt.<\/span><\/p>\n<p><span style=\"font-family: verdana, geneva, sans-serif;\"><strong>Ostereier f\u00e4rben<\/strong> <\/span><br \/>\n<span style=\"font-family: verdana, geneva, sans-serif;\">Weiter ging es zur Osterzeit mit selbst gef\u00e4rbten Eiern. Die Eier wurden mit fl\u00fcssigem Wachs verziert, anschlie\u00dfend gef\u00e4rbt und das Wachs schlussendlich wieder entfernt. Sch\u00f6ne Kunstwerke sind dabei entstanden. Fast zu Schade zum Aufessen \u2026..<\/span><\/p>\n<p><strong><span style=\"font-family: verdana, geneva, sans-serif;\">Grundkurs f\u00fcr den Umgang mit dem Smartphone<\/span><\/strong><br \/>\n<span style=\"font-family: verdana, geneva, sans-serif;\">Mit dem Smartphone bleibt man in Verbindung, sei es indem man mit Freunden und Bekannten oder Familie telefoniert oder Nachrichten schreibt, sei es, dass man durch das Auffinden von <\/span><br \/>\n<span style=\"font-family: verdana, geneva, sans-serif;\">F\u00fcr Senioren ist das Mobiltelefon eine gro\u00dfe Hilfe, um auch im Alter aktiv am Leben teilzuhaben. Rund zwei Drittel der \u00fcber 65-J\u00e4hrigen nutzen Handys und auch bei der \u00e4lteren Generation liegen Smartphones absolut im Trend. Wie aber geht man am besten mit einem Smartphone um? Tipps und Tricks bot der Grundkurs, der am 4-. September stattfand.<\/span><\/p>\n","protected":false},"excerpt":{"rendered":"<p>Weitere Aktionen Serrig ist ein Dorf der Generationen, das soll sich nicht nur in unserem Zusammenleben widerspiegeln, sondern auch in den Angeboten der SeLe. Nistk\u00e4sten So haben wir 2019 im [&hellip;]<\/p>\n","protected":false},"author":2,"featured_media":0,"parent":86,"menu_order":6,"comment_status":"closed","ping_status":"closed","template":"","meta":{"footnotes":""},"class_list":["post-220","page","type-page","status-publish","hentry"],"_links":{"self":[{"href":"https:\/\/www.seleeg.net\/index.php?rest_route=\/wp\/v2\/pages\/220","targetHints":{"allow":["GET"]}}],"collection":[{"href":"https:\/\/www.seleeg.net\/index.php?rest_route=\/wp\/v2\/pages"}],"about":[{"href":"https:\/\/www.seleeg.net\/index.php?rest_route=\/wp\/v2\/types\/page"}],"author":[{"embeddable":true,"href":"https:\/\/www.seleeg.net\/index.php?rest_route=\/wp\/v2\/users\/2"}],"replies":[{"embeddable":true,"href":"https:\/\/www.seleeg.net\/index.php?rest_route=%2Fwp%2Fv2%2Fcomments&post=220"}],"version-history":[{"count":2,"href":"https:\/\/www.seleeg.net\/index.php?rest_route=\/wp\/v2\/pages\/220\/revisions"}],"predecessor-version":[{"id":222,"href":"https:\/\/www.seleeg.net\/index.php?rest_route=\/wp\/v2\/pages\/220\/revisions\/222"}],"up":[{"embeddable":true,"href":"https:\/\/www.seleeg.net\/index.php?rest_route=\/wp\/v2\/pages\/86"}],"wp:attachment":[{"href":"https:\/\/www.seleeg.net\/index.php?rest_route=%2Fwp%2Fv2%2Fmedia&parent=220"}],"curies":[{"name":"wp","href":"https:\/\/api.w.org\/{rel}","templated":true}]}}