{"id":1202,"date":"2020-07-07T21:34:40","date_gmt":"2020-07-07T19:34:40","guid":{"rendered":"http:\/\/www.seleeg.net\/?page_id=1202"},"modified":"2020-07-10T14:38:40","modified_gmt":"2020-07-10T12:38:40","slug":"fotoaufruf-fuer-eine-kleine-ausstellung-zum-thema-heimat","status":"publish","type":"page","link":"https:\/\/www.seleeg.net\/?page_id=1202","title":{"rendered":"Fotoaufruf f\u00fcr eine kleine Ausstellung zum Thema Heimat"},"content":{"rendered":"\n<style type=\"text\/css\" data-created_by=\"avia_inline_auto\" id=\"style-css-av-2ik21e-7b482bb85bff8de72378e3efaf0c8d8b\">\n.flex_column.av-2ik21e-7b482bb85bff8de72378e3efaf0c8d8b{\n-webkit-border-radius:0px 0px 0px 0px;\n-moz-border-radius:0px 0px 0px 0px;\nborder-radius:0px 0px 0px 0px;\npadding:0px 0px 0px 0px;\n}\n<\/style>\n<div class='flex_column av-2ik21e-7b482bb85bff8de72378e3efaf0c8d8b av_four_fifth  avia-builder-el-0  el_before_av_one_fifth  avia-builder-el-first  first flex_column_div av-zero-column-padding '     ><section  class='av_textblock_section av-kccbv39g-15adc83f43da712e4c2009c83999b402'  itemscope=\"itemscope\" itemtype=\"https:\/\/schema.org\/CreativeWork\" ><div class='avia_textblock'  itemprop=\"text\" ><p><span style=\"font-size: 12pt;\"><strong><span style=\"font-family: arial, helvetica, sans-serif;\">Serrig mit anderen Augen sehen!<\/span><\/strong><\/span><\/p>\n<p><strong><span style=\"font-family: arial, helvetica, sans-serif; font-size: 10pt;\">Fotoaufruf f\u00fcr eine kleine Ausstellung zum Thema Heimat<\/span><\/strong><\/p>\n<p><span style=\"font-family: arial, helvetica, sans-serif; font-size: 10pt;\">Wir leben in Serrig seit Monaten, seit Jahren, einige seit Jahrzehnten und Generationen. Daher meinen viele, dass es hier nichts mehr zu entdecken gebe, weil einige sogar das Dorf wie ihre eigene Westentasche kennen. Wir m\u00f6chten, durch eine Fotoausstellung, euch und uns einladen, Serrig mit anderen Augen zu sehen: Mit der Linse einer Kamera, egal ob digital oder analog, ob Handy oder Einwegkamera, nehmt euch Zeit, eure Heimatdorf zu fotografieren. Im Sonnenauf- oder Monduntergang, bei Regen oder Sonnenschein\u2026 haltet den Augenblick eures Alltags fest, oder probiert mal etwas Neues aus. Findet euer Motiv, was macht eure Heimat Serrig f\u00fcr euch lebenswert? Schickt uns eure Fotos, sie sollen Bestandteil einer Ausstellung \u00fcber unsere Heimat Serrig sein f\u00fcr Alteingesessene, Zweiheimische oder G\u00e4ste auf Zeit. Wenn die Ausstellung er\u00f6ffnet wird, werden wir viele verschiedene Ansichten unseres Dorfes betrachten und besser kennenlernen.<\/span><\/p>\n<p><strong><span style=\"font-family: arial, helvetica, sans-serif; font-size: 10pt;\">Wer kann mitmachen?<\/span><\/strong><\/p>\n<p><span style=\"font-family: arial, helvetica, sans-serif; font-size: 10pt;\">Jeder, der anderen mitteilen m\u00f6chte, was sein sch\u00f6nstes Serrig-Motiv ist, was im Dorf oder in der Umgebung die Heimat Serrig f\u00fcr ihn ausmacht.<\/span><\/p>\n<p><strong><span style=\"font-family: arial, helvetica, sans-serif; font-size: 10pt;\">Was kann ich einsenden und wohin?<\/span><\/strong><\/p>\n<p><span style=\"font-family: arial, helvetica, sans-serif; font-size: 10pt;\">Papierabz\u00fcge im Format 10 x 15. Digitale Fotos in hoher Aufl\u00f6sung. Post oder Einwurf Papierabz\u00fcge: FSC, Saarsteinstra\u00dfe 16, 54455 Serrig oder digitale Fotos per Mail an <a href=\"mailto:freiwilliger.serrig@gmail.com\">freiwilliger.serrig@gmail.com<\/a>. Pro Person maximal zwei Aufnahmen. Bitte die Angabe von Namen und Anschrift nicht vergessen.<\/span><\/p>\n<p><strong><span style=\"font-family: arial, helvetica, sans-serif; font-size: 10pt;\">Wie lange habe ich Zeit?<\/span><\/strong><\/p>\n<p><span style=\"font-family: arial, helvetica, sans-serif; font-size: 10pt;\">Einsendeschluss ist der 27. Juli 2020.<\/span><\/p>\n<p><strong><span style=\"font-family: arial, helvetica, sans-serif; font-size: 10pt;\">Was passiert mit meinen Fotos?<\/span><\/strong><\/p>\n<p><span style=\"font-family: arial, helvetica, sans-serif; font-size: 10pt;\">Die besten Fotos werden ausgesucht und zu einer kleinen Ausstellung zusammengefasst. Sie werden Bestandteil einer Heimatausstellung, die erstmals am 8. August im B\u00fcrgersaal in Serrig vorgestellt wird. Weitere Infos hierzu folgen! Papierabz\u00fcge k\u00f6nnen leider nicht zur\u00fcckgeschickt werden, sie bleiben Bestandteil der Ausstellung oder gehen in den Besitz des Veranstalters \u00fcber.<\/span><\/p>\n<p><strong><span style=\"font-family: arial, helvetica, sans-serif; font-size: 10pt;\">Weitere Bedingungen:<\/span><\/strong><\/p>\n<p><span style=\"font-family: arial, helvetica, sans-serif; font-size: 10pt;\">Mit der Einsendung eurer Fotos erkl\u00e4rt Ihr, das Ihr alle Rechte an den Aufnahmen besitzt, und dass diese im Original, als Kopie oder ausschnittsweise im Rahmen des Projektes \u201eF\u00fcr ein gutes Miteinander vielf\u00e4ltig aktiv!\u201c vom Tr\u00e4ger und seinen Partnern sowie Im Rahmen des Bundesprogramms Demokratie Leben! von den beteiligten Stellen uneingeschr\u00e4nkt, jedoch mit Namensangabe, verwendet werden d\u00fcrfen.<\/span><\/p>\n<p><span style=\"font-family: arial, helvetica, sans-serif; font-size: 10pt;\">Die Heimatausstellung ist Teil des Projektes \u201eF\u00fcr ein gutes Miteinander vielf\u00e4ltig aktiv!\u201c. Das Projekt wird im Rahmen der Partnerschaft f\u00fcr Demokratie gef\u00f6rdert, die Teil des Bundesprogramms \u201eDemokratie leben!\u201c des Bundesministeriums f\u00fcr Familie, Senioren, Frauen und Jugend ist.\u201c<\/span><\/p>\n<p><img loading=\"lazy\" decoding=\"async\" class=\"size-medium wp-image-1238 aligncenter\" src=\"http:\/\/www.seleeg.net\/wp-content\/uploads\/2020\/07\/Logo_demokratieLeben-300x102.png\" alt=\"\" width=\"300\" height=\"102\" srcset=\"https:\/\/www.seleeg.net\/wp-content\/uploads\/2020\/07\/Logo_demokratieLeben-300x102.png 300w, https:\/\/www.seleeg.net\/wp-content\/uploads\/2020\/07\/Logo_demokratieLeben-1030x349.png 1030w, https:\/\/www.seleeg.net\/wp-content\/uploads\/2020\/07\/Logo_demokratieLeben-768x260.png 768w, https:\/\/www.seleeg.net\/wp-content\/uploads\/2020\/07\/Logo_demokratieLeben-1536x520.png 1536w, https:\/\/www.seleeg.net\/wp-content\/uploads\/2020\/07\/Logo_demokratieLeben-1500x508.png 1500w, https:\/\/www.seleeg.net\/wp-content\/uploads\/2020\/07\/Logo_demokratieLeben-705x239.png 705w, https:\/\/www.seleeg.net\/wp-content\/uploads\/2020\/07\/Logo_demokratieLeben-450x152.png 450w, https:\/\/www.seleeg.net\/wp-content\/uploads\/2020\/07\/Logo_demokratieLeben.png 1677w\" sizes=\"auto, (max-width: 300px) 100vw, 300px\" \/><\/p>\n<\/div><\/section><\/div>\n<style type=\"text\/css\" data-created_by=\"avia_inline_auto\" id=\"style-css-av-3jlv0i-ed47a771c5d651b5a52e6ca0dd78adec\">\n.flex_column.av-3jlv0i-ed47a771c5d651b5a52e6ca0dd78adec{\n-webkit-border-radius:0px 0px 0px 0px;\n-moz-border-radius:0px 0px 0px 0px;\nborder-radius:0px 0px 0px 0px;\npadding:0px 0px 0px 0px;\n}\n<\/style>\n<div class='flex_column av-3jlv0i-ed47a771c5d651b5a52e6ca0dd78adec av_one_fifth  avia-builder-el-2  el_after_av_four_fifth  el_before_av_font_icon  flex_column_div av-zero-column-padding '     ><style type=\"text\/css\" data-created_by=\"avia_inline_auto\" id=\"style-css-av-kccbw6kd-194c8127d1e63992bf02f1a9b2c59db3\">\n.av_font_icon.av-kccbw6kd-194c8127d1e63992bf02f1a9b2c59db3 .av-icon-char{\nfont-size:200px;\nline-height:200px;\n}\n<\/style>\n<span  class='av_font_icon av-kccbw6kd-194c8127d1e63992bf02f1a9b2c59db3 avia_animate_when_visible av-icon-style- avia-icon-pos-left av-no-color avia-icon-animate'><span class='av-icon-char' aria-hidden='true' data-av_icon='\ue80f' data-av_iconfont='entypo-fontello' ><\/span><\/span><\/div><\/p>\n\n<style type=\"text\/css\" data-created_by=\"avia_inline_auto\" id=\"style-css-av-2vlvma-b933215c01cacf63ce300cc195db3cbc\">\n.av_font_icon.av-2vlvma-b933215c01cacf63ce300cc195db3cbc .av-icon-char{\nfont-size:40px;\nline-height:40px;\n}\n<\/style>\n<span  class='av_font_icon av-2vlvma-b933215c01cacf63ce300cc195db3cbc avia_animate_when_visible av-icon-style- avia-icon-pos-left av-no-color avia-icon-animate'><span class='av-icon-char' aria-hidden='true' data-av_icon='' data-av_iconfont='entypo-fontello' ><\/span><\/span>\n","protected":false},"excerpt":{"rendered":"","protected":false},"author":2,"featured_media":0,"parent":0,"menu_order":0,"comment_status":"closed","ping_status":"closed","template":"","meta":{"footnotes":""},"class_list":["post-1202","page","type-page","status-publish","hentry"],"_links":{"self":[{"href":"https:\/\/www.seleeg.net\/index.php?rest_route=\/wp\/v2\/pages\/1202","targetHints":{"allow":["GET"]}}],"collection":[{"href":"https:\/\/www.seleeg.net\/index.php?rest_route=\/wp\/v2\/pages"}],"about":[{"href":"https:\/\/www.seleeg.net\/index.php?rest_route=\/wp\/v2\/types\/page"}],"author":[{"embeddable":true,"href":"https:\/\/www.seleeg.net\/index.php?rest_route=\/wp\/v2\/users\/2"}],"replies":[{"embeddable":true,"href":"https:\/\/www.seleeg.net\/index.php?rest_route=%2Fwp%2Fv2%2Fcomments&post=1202"}],"version-history":[{"count":6,"href":"https:\/\/www.seleeg.net\/index.php?rest_route=\/wp\/v2\/pages\/1202\/revisions"}],"predecessor-version":[{"id":1253,"href":"https:\/\/www.seleeg.net\/index.php?rest_route=\/wp\/v2\/pages\/1202\/revisions\/1253"}],"wp:attachment":[{"href":"https:\/\/www.seleeg.net\/index.php?rest_route=%2Fwp%2Fv2%2Fmedia&parent=1202"}],"curies":[{"name":"wp","href":"https:\/\/api.w.org\/{rel}","templated":true}]}}