{"id":1196,"date":"2020-07-07T21:36:08","date_gmt":"2020-07-07T19:36:08","guid":{"rendered":"http:\/\/www.seleeg.net\/?page_id=1196"},"modified":"2020-07-10T08:17:31","modified_gmt":"2020-07-10T06:17:31","slug":"projekt-fuer-ein-gutes-miteinander-vielfaeltig-aktiv","status":"publish","type":"page","link":"https:\/\/www.seleeg.net\/?page_id=1196","title":{"rendered":"Projekt \u201eF\u00fcr ein gutes Miteinander vielf\u00e4ltig aktiv!\u201c"},"content":{"rendered":"\n<style type=\"text\/css\" data-created_by=\"avia_inline_auto\" id=\"style-css-av-31y57g-d1222bd529276a902d37f6a8b38d0035\">\n.flex_column.av-31y57g-d1222bd529276a902d37f6a8b38d0035{\n-webkit-border-radius:0px 0px 0px 0px;\n-moz-border-radius:0px 0px 0px 0px;\nborder-radius:0px 0px 0px 0px;\npadding:0px 0px 0px 0px;\n}\n<\/style>\n<div class='flex_column av-31y57g-d1222bd529276a902d37f6a8b38d0035 av_one_full  avia-builder-el-0  avia-builder-el-no-sibling  first flex_column_div av-zero-column-padding '     ><section  class='av_textblock_section av-kccb7lqj-a16d9f43822073f4479d3f5897944789'  itemscope=\"itemscope\" itemtype=\"https:\/\/schema.org\/CreativeWork\" ><div class='avia_textblock'  itemprop=\"text\" ><p><span style=\"font-family: arial, helvetica, sans-serif; font-size: 10pt;\">Unterst\u00fctzt von unseren jeweiligen Freiwilligen im DFFD Kultur f\u00fchren wir unter Tr\u00e4gerschafts unseres Partners und in Zusammenarbeit mit dem Freundschaftskreis Serrig-Charbuy e. V., eine Projektreihe im Rahmen des Bundesprogramms Demokratie Leben! (<a href=\"https:\/\/www.saarburg-vielfalt.de\/\" target=\"_blank\" rel=\"noopener noreferrer\">https:\/\/www.saarburg-vielfalt.de\/<\/a> ) durch, an der alle Serriger und G\u00e4ste teilhaben k\u00f6nnen. Ob alt oder jung, alteingesessen oder zugezogen, mit oder ohne Handicap \u2013 jeder ist willkommen.<\/span><\/p>\n<p><span style=\"font-family: arial, helvetica, sans-serif; font-size: 10pt;\"><strong>Folgende Aktionen sind am Werden oder geplant:<\/strong><\/span><\/p>\n<ol>\n<li><span style=\"font-family: arial, helvetica, sans-serif; font-size: 10pt;\">\u00d6ffentlicher B\u00fccherschrank und Sitzgelegenheiten auf dem Martinusplatz \u2013 Erg\u00e4nzung des Angebots der Pfarrb\u00fccherei, Vorlesungen, Autorenlesung. Termine uns Hinweise erfahren Sie hier und auf <a href=\"https:\/\/t.me\/joinchat\/AAAAAEr7CNdJ-I8AEI-UAw\" target=\"_blank\" rel=\"noopener noreferrer\">Telegram<\/a> \u201eNeues aus Serrig\u201c. <strong>Erste Vorlesung geplant am 6. August, 19:00 Uhr.<\/strong><\/span><\/li>\n<li><span style=\"font-family: arial, helvetica, sans-serif; font-size: 10pt;\">Ausstellung zum Thema Heimat \u2013 Begriff Heimat, Heimat und Zuhause, Heimat f\u00fcr Einheimische und Zweiheimische, was macht Heimat f\u00fcr mich aus? Bilder und Blickwinkel, vielf\u00e4ltige Sichtweisen. <a href=\"http:\/\/www.seleeg.net\/?page_id=1202\" target=\"_blank\" rel=\"noopener noreferrer\"><strong>Weitere Infos gibt\u00b4s hier<\/strong><\/a>. <strong>Geplanter Termin f\u00fcr die erste Ausstellung im B\u00fcrgersaal: Donnerstag, 8. August 2020, 18:00 Uhr.<\/strong>\u00a0<\/span><\/li>\n<li><span style=\"font-family: arial, helvetica, sans-serif; font-size: 10pt;\">Bau von Insektenhotels f\u00fcr Kinder und Bewohner des Hofguts Serrig \u2013 Wir wollen in dieser Aktion das Thema Vielfalt im Sinne von Inklusion begreifen und leben sowie das Augenmerk auf die Diversit\u00e4t in unserem Lebensraum richten. Termin im Herbst wird noch bekanntgegeben.<\/span><\/li>\n<li><span style=\"font-family: arial, helvetica, sans-serif; font-size: 10pt;\">Mit dem Dorfgarten der Vielfalt wollen wir den unterschiedlichsten Gruppen in der Gemeinde einen Platz bieten, um mit dem Wissen von Generationen insbesondere unseren J\u00fcngsten die nachhaltige Nutzgartenbewirtschaftung wieder n\u00e4her zu bringen. Bitte beachtet die aktuellen Infos und Aufrufe zu diesem Projekt.<\/span><\/li>\n<\/ol>\n<p><span style=\"font-family: arial, helvetica, sans-serif; font-size: 10pt;\">Aufgrund der Covid-19-Pandemi kann es im Angebot oder Ablauf der Projektreihe zu \u00c4nderungen und Streichungen kommen. Ggf. k\u00f6nnen geplante oder angek\u00fcndigte Aktionen und Termine nicht stattfinden. Veranstaltungsorte und Teilnahmemodalit\u00e4ten werden den jeweils geltenden Bestimmungen und Einschr\u00e4nkungen angepasst. Bitte beachten Sie deshalb stets die aktuellen Hinweise auf dieser Website und auf Telegram \u201eNeues aus Serrig\u201c.<\/span><\/p>\n<p><span style=\"font-family: arial, helvetica, sans-serif; font-size: 10pt;\">F\u00fcr alle Veranstaltungen und Ma\u00dfnahmen in diesem Projekt gelten die jeweils aktuellen Bestimmungen in Zusammenhang mit Covid 19, bzw. die vom jeweils Verantwortlichen getroffenen strengeren Bestimmungen.<\/span><\/p>\n<p><span style=\"font-family: arial, helvetica, sans-serif; font-size: 10pt;\">\u201eDas Projekt \u201e<strong>F\u00fcr ein gutes Miteinander vielf\u00e4ltig aktiv!<\/strong>\u201c wird im Rahmen der Partnerschaft f\u00fcr Demokratie gef\u00f6rdert, die Teil des Bundesprogramms \u201eDemokratie leben!\u201c des Bundesministeriums f\u00fcr Familie, Senioren, Frauen und Jugend ist.\u201c<\/span><\/p>\n<p><img loading=\"lazy\" decoding=\"async\" class=\"size-medium wp-image-1238 aligncenter\" src=\"http:\/\/www.seleeg.net\/wp-content\/uploads\/2020\/07\/Logo_demokratieLeben-300x102.png\" alt=\"\" width=\"300\" height=\"102\" srcset=\"https:\/\/www.seleeg.net\/wp-content\/uploads\/2020\/07\/Logo_demokratieLeben-300x102.png 300w, https:\/\/www.seleeg.net\/wp-content\/uploads\/2020\/07\/Logo_demokratieLeben-1030x349.png 1030w, https:\/\/www.seleeg.net\/wp-content\/uploads\/2020\/07\/Logo_demokratieLeben-768x260.png 768w, https:\/\/www.seleeg.net\/wp-content\/uploads\/2020\/07\/Logo_demokratieLeben-1536x520.png 1536w, https:\/\/www.seleeg.net\/wp-content\/uploads\/2020\/07\/Logo_demokratieLeben-1500x508.png 1500w, https:\/\/www.seleeg.net\/wp-content\/uploads\/2020\/07\/Logo_demokratieLeben-705x239.png 705w, https:\/\/www.seleeg.net\/wp-content\/uploads\/2020\/07\/Logo_demokratieLeben-450x152.png 450w, https:\/\/www.seleeg.net\/wp-content\/uploads\/2020\/07\/Logo_demokratieLeben.png 1677w\" sizes=\"auto, (max-width: 300px) 100vw, 300px\" \/><\/p>\n<\/div><\/section><\/div>\n","protected":false},"excerpt":{"rendered":"","protected":false},"author":2,"featured_media":0,"parent":0,"menu_order":0,"comment_status":"closed","ping_status":"closed","template":"","meta":{"footnotes":""},"class_list":["post-1196","page","type-page","status-publish","hentry"],"_links":{"self":[{"href":"https:\/\/www.seleeg.net\/index.php?rest_route=\/wp\/v2\/pages\/1196","targetHints":{"allow":["GET"]}}],"collection":[{"href":"https:\/\/www.seleeg.net\/index.php?rest_route=\/wp\/v2\/pages"}],"about":[{"href":"https:\/\/www.seleeg.net\/index.php?rest_route=\/wp\/v2\/types\/page"}],"author":[{"embeddable":true,"href":"https:\/\/www.seleeg.net\/index.php?rest_route=\/wp\/v2\/users\/2"}],"replies":[{"embeddable":true,"href":"https:\/\/www.seleeg.net\/index.php?rest_route=%2Fwp%2Fv2%2Fcomments&post=1196"}],"version-history":[{"count":9,"href":"https:\/\/www.seleeg.net\/index.php?rest_route=\/wp\/v2\/pages\/1196\/revisions"}],"predecessor-version":[{"id":1257,"href":"https:\/\/www.seleeg.net\/index.php?rest_route=\/wp\/v2\/pages\/1196\/revisions\/1257"}],"wp:attachment":[{"href":"https:\/\/www.seleeg.net\/index.php?rest_route=%2Fwp%2Fv2%2Fmedia&parent=1196"}],"curies":[{"name":"wp","href":"https:\/\/api.w.org\/{rel}","templated":true}]}}