{"id":1181,"date":"2020-07-07T22:11:18","date_gmt":"2020-07-07T20:11:18","guid":{"rendered":"http:\/\/www.seleeg.net\/?page_id=1181"},"modified":"2020-08-17T10:43:48","modified_gmt":"2020-08-17T08:43:48","slug":"theos-freiwilligen-projekt-serrig-podcast","status":"publish","type":"page","link":"https:\/\/www.seleeg.net\/?page_id=1181","title":{"rendered":"Th\u00e9os Freiwilligen-Projekt \u201eSerrig-Podcast\u201c"},"content":{"rendered":"\n<style type=\"text\/css\" data-created_by=\"avia_inline_auto\" id=\"style-css-av-4511cd-8857300550737f044e11421e12a2b1dd\">\n.flex_column.av-4511cd-8857300550737f044e11421e12a2b1dd{\n-webkit-border-radius:0px 0px 0px 0px;\n-moz-border-radius:0px 0px 0px 0px;\nborder-radius:0px 0px 0px 0px;\npadding:0px 0px 0px 0px;\n}\n<\/style>\n<div class='flex_column av-4511cd-8857300550737f044e11421e12a2b1dd av_one_full  avia-builder-el-0  avia-builder-el-no-sibling  first flex_column_div av-zero-column-padding '     ><section  class='av_textblock_section av-kcca3wdb-6de3ca12a156d301ba56b635a7c1dce9'  itemscope=\"itemscope\" itemtype=\"https:\/\/schema.org\/CreativeWork\" ><div class='avia_textblock'  itemprop=\"text\" ><p><span style=\"font-size: 10pt; font-family: arial, helvetica, sans-serif;\"><strong>Worum geht es:\u00a0<\/strong><\/span><\/p>\n<p><span style=\"font-size: 10pt; font-family: arial, helvetica, sans-serif;\"><a href=\"https:\/\/www.bkj.de\/fileadmin\/user_upload\/AS_20200107_land.schafft_FWD_BKJ.pdf\" target=\"_blank\" rel=\"noopener noreferrer\"><u>https:\/\/www.bkj.de\/fileadmin\/user_upload\/AS_20200107_land.schafft_FWD_BKJ.pdf<\/u><\/a><\/span><\/p>\n<p><span style=\"font-size: 10pt; font-family: arial, helvetica, sans-serif;\">Ein Podcast f\u00fcr Serrig ist die Idee, mir als Freiwilligem des Dorfes und den Serrigern als Bewohner eine Stimme zu geben, um von unserem Leben zu sprechen: Wie lebt man in einem vielf\u00e4ltigen Dorf im Jahre 2020? Mit Beteiligung der Kinder, Oldies, der Jugend, Einheimischen und Zugezogenen im l\u00e4ndlichen Raum mit einem hierf\u00fcr interessanten kulturellen Angebot, was Generationen verbindet. Das Projekt soll nachhaltig im kulturellen und medialen Angebot des Ortes etabliert und durch die n\u00e4chsten Freiwilligen der Einsatzstelle fortgef\u00fchrt werden.<\/span><\/p>\n<p><span style=\"font-size: 10pt; font-family: arial, helvetica, sans-serif;\"><strong>\u201eSerrig-Podcast\u201c, Folge 1 zum Thema Serrig \u2013 Heimat findet Ihr hier:<\/strong><\/span><\/p>\n<p><a href=\"https:\/\/soundcloud.com\/theo-gledel\/serrig-hoer-zu-intro\" target=\"_blank\" rel=\"noopener noreferrer\"><span style=\"font-size: 10pt; font-family: arial, helvetica, sans-serif;\"><img loading=\"lazy\" decoding=\"async\" class=\"alignnone size-medium wp-image-1187\" src=\"http:\/\/www.seleeg.net\/wp-content\/uploads\/2020\/07\/Podcast_1_pic-300x183.png\" alt=\"\" width=\"300\" height=\"183\" srcset=\"https:\/\/www.seleeg.net\/wp-content\/uploads\/2020\/07\/Podcast_1_pic-300x183.png 300w, https:\/\/www.seleeg.net\/wp-content\/uploads\/2020\/07\/Podcast_1_pic-450x274.png 450w, https:\/\/www.seleeg.net\/wp-content\/uploads\/2020\/07\/Podcast_1_pic.png 600w\" sizes=\"auto, (max-width: 300px) 100vw, 300px\" \/><\/span><\/a><\/p>\n<div><span style=\"font-size: 10pt; font-family: arial, helvetica, sans-serif;\"><strong>\u201eSerrig-Podcast\u201c, Folge 2 findet Ihr hier:<\/strong><\/span><\/div>\n<div><\/div>\n<div><a href=\"https:\/\/soundcloud.com\/theo-gledel\/serrig-hor-zu-der-deutsch-franzosischen-freiwilligendienst\" target=\"_blank\" rel=\"noopener noreferrer\"><img loading=\"lazy\" decoding=\"async\" class=\"alignnone wp-image-1259 size-medium\" src=\"http:\/\/www.seleeg.net\/wp-content\/uploads\/2020\/07\/Pod_cast_2-300x200.png\" alt=\"\" width=\"300\" height=\"200\" srcset=\"https:\/\/www.seleeg.net\/wp-content\/uploads\/2020\/07\/Pod_cast_2-300x200.png 300w, https:\/\/www.seleeg.net\/wp-content\/uploads\/2020\/07\/Pod_cast_2-1030x687.png 1030w, https:\/\/www.seleeg.net\/wp-content\/uploads\/2020\/07\/Pod_cast_2-768x512.png 768w, https:\/\/www.seleeg.net\/wp-content\/uploads\/2020\/07\/Pod_cast_2-1536x1024.png 1536w, https:\/\/www.seleeg.net\/wp-content\/uploads\/2020\/07\/Pod_cast_2-1500x1000.png 1500w, https:\/\/www.seleeg.net\/wp-content\/uploads\/2020\/07\/Pod_cast_2-705x470.png 705w, https:\/\/www.seleeg.net\/wp-content\/uploads\/2020\/07\/Pod_cast_2-450x300.png 450w, https:\/\/www.seleeg.net\/wp-content\/uploads\/2020\/07\/Pod_cast_2.png 1599w\" sizes=\"auto, (max-width: 300px) 100vw, 300px\" \/><\/a><\/div>\n<div><\/div>\n<div><span style=\"font-size: 10pt; font-family: arial, helvetica, sans-serif;\"><strong>\u201eSerrig-Podcast\u201c, Folge 3 findet Ihr hier:<\/strong><\/span><\/div>\n<div><a href=\"https:\/\/soundcloud.com\/theo-gledel\/serrig-hor-zu-die-allesnaher\" target=\"_blank\" rel=\"noopener noreferrer\"><img loading=\"lazy\" decoding=\"async\" class=\"alignnone size-medium wp-image-1299\" src=\"http:\/\/www.seleeg.net\/wp-content\/uploads\/2020\/08\/Podcast_3_pic-300x300.png\" alt=\"\" width=\"300\" height=\"300\" srcset=\"https:\/\/www.seleeg.net\/wp-content\/uploads\/2020\/08\/Podcast_3_pic-300x300.png 300w, https:\/\/www.seleeg.net\/wp-content\/uploads\/2020\/08\/Podcast_3_pic-80x80.png 80w, https:\/\/www.seleeg.net\/wp-content\/uploads\/2020\/08\/Podcast_3_pic-36x36.png 36w, https:\/\/www.seleeg.net\/wp-content\/uploads\/2020\/08\/Podcast_3_pic-180x180.png 180w, https:\/\/www.seleeg.net\/wp-content\/uploads\/2020\/08\/Podcast_3_pic-120x120.png 120w, https:\/\/www.seleeg.net\/wp-content\/uploads\/2020\/08\/Podcast_3_pic-450x450.png 450w, https:\/\/www.seleeg.net\/wp-content\/uploads\/2020\/08\/Podcast_3_pic.png 600w\" sizes=\"auto, (max-width: 300px) 100vw, 300px\" \/><\/a><\/div>\n<div><\/div>\n<div><span style=\"font-size: 10pt; font-family: arial, helvetica, sans-serif;\"><strong>\u201eSerrig-Podcast\u201c, Folge 4 findet Ihr hier:<\/strong><\/span><\/div>\n<div><a href=\"https:\/\/soundcloud.com\/theo-gledel\/serrig-hor-zu-die-serriger-karneval-gesellschaft\" target=\"_blank\" rel=\"noopener noreferrer\"><img loading=\"lazy\" decoding=\"async\" class=\"alignnone size-medium wp-image-1300\" src=\"http:\/\/www.seleeg.net\/wp-content\/uploads\/2020\/08\/Podcast_4_pic-300x225.png\" alt=\"\" width=\"300\" height=\"225\" srcset=\"https:\/\/www.seleeg.net\/wp-content\/uploads\/2020\/08\/Podcast_4_pic-300x225.png 300w, https:\/\/www.seleeg.net\/wp-content\/uploads\/2020\/08\/Podcast_4_pic-450x338.png 450w, https:\/\/www.seleeg.net\/wp-content\/uploads\/2020\/08\/Podcast_4_pic.png 600w\" sizes=\"auto, (max-width: 300px) 100vw, 300px\" \/><\/a><\/div>\n<div><\/div>\n<p><span style=\"font-size: 10pt; font-family: arial, helvetica, sans-serif;\">Das Projekt \u201eSerrig-Podcast\u201c findet im Rahmen von<strong> \u201eland.schafft \u2013 F\u00f6rderung f\u00fcr kulturelle Freiwilligenprojekte in l\u00e4ndlichen R\u00e4umen\u201c<\/strong> statt. \u201eland.schafft\u201c ist ein Projekt (2019\u20132020) der Bundesvereinigung Kulturelle Kinder- und Jugendbildung im Arbeitsbereich Freiwilliges Engagement und Ehrenamt. Es wird gef\u00f6rdert von der Beauftragten der Bundesregierung f\u00fcr Kultur und Medien.<\/span><\/p>\n<p><img loading=\"lazy\" decoding=\"async\" class=\"size-medium wp-image-1184 aligncenter\" src=\"http:\/\/www.seleeg.net\/wp-content\/uploads\/2020\/07\/Logo_Kombi_BKJ_BKM_quer-300x87.png\" alt=\"\" width=\"300\" height=\"87\" srcset=\"https:\/\/www.seleeg.net\/wp-content\/uploads\/2020\/07\/Logo_Kombi_BKJ_BKM_quer-300x87.png 300w, https:\/\/www.seleeg.net\/wp-content\/uploads\/2020\/07\/Logo_Kombi_BKJ_BKM_quer-1030x300.png 1030w, https:\/\/www.seleeg.net\/wp-content\/uploads\/2020\/07\/Logo_Kombi_BKJ_BKM_quer-768x224.png 768w, https:\/\/www.seleeg.net\/wp-content\/uploads\/2020\/07\/Logo_Kombi_BKJ_BKM_quer-705x205.png 705w, https:\/\/www.seleeg.net\/wp-content\/uploads\/2020\/07\/Logo_Kombi_BKJ_BKM_quer-450x131.png 450w, https:\/\/www.seleeg.net\/wp-content\/uploads\/2020\/07\/Logo_Kombi_BKJ_BKM_quer.png 1417w\" sizes=\"auto, (max-width: 300px) 100vw, 300px\" \/><\/p>\n<\/div><\/section><\/div>\n","protected":false},"excerpt":{"rendered":"","protected":false},"author":2,"featured_media":0,"parent":0,"menu_order":0,"comment_status":"closed","ping_status":"closed","template":"","meta":{"footnotes":""},"class_list":["post-1181","page","type-page","status-publish","hentry"],"_links":{"self":[{"href":"https:\/\/www.seleeg.net\/index.php?rest_route=\/wp\/v2\/pages\/1181","targetHints":{"allow":["GET"]}}],"collection":[{"href":"https:\/\/www.seleeg.net\/index.php?rest_route=\/wp\/v2\/pages"}],"about":[{"href":"https:\/\/www.seleeg.net\/index.php?rest_route=\/wp\/v2\/types\/page"}],"author":[{"embeddable":true,"href":"https:\/\/www.seleeg.net\/index.php?rest_route=\/wp\/v2\/users\/2"}],"replies":[{"embeddable":true,"href":"https:\/\/www.seleeg.net\/index.php?rest_route=%2Fwp%2Fv2%2Fcomments&post=1181"}],"version-history":[{"count":14,"href":"https:\/\/www.seleeg.net\/index.php?rest_route=\/wp\/v2\/pages\/1181\/revisions"}],"predecessor-version":[{"id":1302,"href":"https:\/\/www.seleeg.net\/index.php?rest_route=\/wp\/v2\/pages\/1181\/revisions\/1302"}],"wp:attachment":[{"href":"https:\/\/www.seleeg.net\/index.php?rest_route=%2Fwp%2Fv2%2Fmedia&parent=1181"}],"curies":[{"name":"wp","href":"https:\/\/api.w.org\/{rel}","templated":true}]}}