{"id":1162,"date":"2020-07-07T22:00:54","date_gmt":"2020-07-07T20:00:54","guid":{"rendered":"http:\/\/www.seleeg.net\/?page_id=1162"},"modified":"2020-07-08T12:33:58","modified_gmt":"2020-07-08T10:33:58","slug":"deutsch-franzoesischen-freiwilligendienst","status":"publish","type":"page","link":"https:\/\/www.seleeg.net\/?page_id=1162","title":{"rendered":"Deutsch-Franz\u00f6sischer Freiwilligendienst Kultur (DFFD Kultur)"},"content":{"rendered":"\n<style type=\"text\/css\" data-created_by=\"avia_inline_auto\" id=\"style-css-av-cw3udm-db57eb06242e5e4b6d79ba1c59043c0d\">\n.flex_column.av-cw3udm-db57eb06242e5e4b6d79ba1c59043c0d{\n-webkit-border-radius:0px 0px 0px 0px;\n-moz-border-radius:0px 0px 0px 0px;\nborder-radius:0px 0px 0px 0px;\npadding:0px 0px 0px 0px;\n}\n<\/style>\n<div class='flex_column av-cw3udm-db57eb06242e5e4b6d79ba1c59043c0d av_three_fourth  avia-builder-el-0  el_before_av_one_fourth  avia-builder-el-first  first flex_column_div av-zero-column-padding '     ><section  class='av_textblock_section av-kcaro2x7-61acc2550d76735c8cd25e1e4e1f01c2'  itemscope=\"itemscope\" itemtype=\"https:\/\/schema.org\/CreativeWork\" ><div class='avia_textblock'  itemprop=\"text\" ><p><span style=\"font-size: 10pt; font-family: arial, helvetica, sans-serif;\"><strong>Die SeLe eG <\/strong>ist mit ihrem Mitglied und Partner, dem Freundschaftskreis Serrig-Charbuy e. V., seit September 2019 Einsatzstelle im <strong>Deutsch-Franz\u00f6sischen Freiwilligendienst (DFFD Kultur)<\/strong> und konnte in diesem Kontext einen jungen Mann aus Frankreich willkommen heissen<strong>, Th\u00e9o Gledel<\/strong><\/span><\/p>\n<p><span style=\"font-size: 10pt; font-family: arial, helvetica, sans-serif;\">Er wird uns einen Einblick in seine T\u00e4tigkeit als Teilnehmer des Freiwilligendienstes DFFD Kultur geben:<\/span><\/p>\n<p><span style=\"font-size: 10pt; font-family: arial, helvetica, sans-serif;\"><strong>Ta mission? &#8211; <em>Deine Einsatzstelle?<\/em><\/strong><\/span><\/p>\n<p><span style=\"font-size: 10pt; font-family: arial, helvetica, sans-serif;\">Freundschaftskreis Serrig-Charbuy e.V. (FSC) und SeLe Serrig Lebenswert eG (SeLe)<\/span><\/p>\n<p><span style=\"font-size: 10pt; font-family: arial, helvetica, sans-serif;\"><strong>Que fais-je cette ann\u00e9e \u00e0 Serrig\u00a0? \u2013 <em>Was mache ich dieses Jahr in Serrig?<\/em><\/strong><\/span><\/p>\n<p><span style=\"font-size: 10pt; font-family: arial, helvetica, sans-serif;\">Als erster franz\u00f6sischer Teilnehmer am Freiwilligendienst in Serrig besch\u00e4ftige ich mich mit vielen unterschiedlichen Aktivit\u00e4ten. Zu den Aufgaben in meiner Einsatzstelle, dem Freundschaftskreis Serrig-Charbuy e.V. und der B\u00fcrgergenossenschaft SeLe Serrig Lebenswert eG, geh\u00f6ren zum Beispiel kurze Berichte \u00fcber Veranstaltungen und die Arbeit beider Institutionen, sowie unter anderem die Unterst\u00fctzung, Vor- und Nachbereitung von Aktionen und Festen, das j\u00e4hrliche Jugend-Zeltlager des FSC und das monatliche Dorfcaf\u00e9 der SeLe. Ab und zu nehme ich auch teil an Veranstaltungen der Deutsch-Franz\u00f6sischen Gesellschaft aus Saarburg, wie zum Beispiel ein Karaoke-Abend oder die Galette des Rois. Au\u00dferdem verbringe ich sowohl drei Nachmittage pro Woche mit der Schulbetreuung in Serrig als auch Zeit mit der Unterst\u00fctzung des Gemeindearbeiters. Wegen der aktuellen Corona-Pandemie arbeite ich mit den Jugend-Beisitzern des FSC und weiteren Jugendlichen an digitalen Projekten in der Jumelage. Anschlie\u00dfend habe ich Zeit, meine Ideen einzubringen und eigenst\u00e4ndige Projekte zu entwickeln, die die Programme meiner Einsatzstelle bereichern. Ich habe neben anderen Themen eine kleine Ausstellung zum Thema Heimat organisiert und gerade habe ich, Dank des F\u00f6rderprogramms \u201eKultur in l\u00e4ndlichen R\u00e4umen\u201c, mit meinem neuen Projekt \u201eSerrig-Podcast\u201c begonnen. Dadurch habe ich auch die M\u00f6glichkeit erhalten, mich mit deutschen Kultur-Freiwilligen im nationalen Freiwilligendienst-Kultur (FSJ-Kultur) auszutauschen. Im Rahmen des Bundesprogramms \u201eDemokratie Leben!\u201c bin ich in einer Reihe geplanter Projekte auch mit der Einrichtung eines \u00f6ffentlichen B\u00fccherschranks besch\u00e4ftigt.<\/span><\/p>\n<p><span style=\"font-size: 10pt; font-family: arial, helvetica, sans-serif;\"><strong>As-tu besoin de comp\u00e9tences sp\u00e9cifiques pour effectuer ce service volontaire\u00a0? <em>Brauchst du ganz bestimmte Kenntnisse f\u00fcr diesen Freiwilligendienst?<\/em><\/strong><\/span><\/p>\n<p><span style=\"font-size: 10pt; font-family: arial, helvetica, sans-serif;\">Il faut \u00eatre ouvert \u00e0 la nouveaut\u00e9, c\u2019est s\u00fbr, mais on n\u2019est jamais vraiment surcharg\u00e9\u00a0: c\u2019est tout simplement un programme vari\u00e9 qui permet de d\u00e9couvrir plus d\u2019un aspect de la vie en Allemagne et dans ce village. Il y a de la place et du temps pour les projets des structures, pour tes projets \u00e0 toi, pour faire des rencontres, se balader dans la montagne, se reposer\u2026 tu n\u2019as absolument rien \u00e0 perdre \u00e0 tenter ta chance ici\u00a0! Au contraire, tu as tout \u00e0 y gagner. A l\u2019image du carnaval pendant lequel j\u2019ai particip\u00e9 aux montage et d\u00e9montage de la salle, \u00e0 une sayn\u00e8te des jeunes ainsi qu\u2019\u00e0 une chor\u00e9graphie avec des adultes, tu auras l\u2019occasion de mieux cerner ce que tu fais bien et ce qui t\u2019es plus compliqu\u00e9, de mieux comprendre ce que tu appr\u00e9cies et, alors que beaucoup dans le village ma\u00eetrisent le fran\u00e7ais, il y aura toujours quelqu\u2019un pour t\u2019\u00e9pauler, de sorte que tu tr\u00e9bucheras quelques fois, mais retomberas toujours sur tes pattes. Prends ton courage \u00e0 deux mains et envoie une candidature\u00a0! L\u2019aventure en vaut le coup. S\u2019il y a encore des questions que tu aimerais poser, n\u2019h\u00e9sites surtout pas et envoie-les-moi \u00e0 cette adresse\u00a0: <a href=\"mailto:freiwilliger.serrig@gmail.com\">freiwilliger.serrig(AT)gmail.com<\/a>. Je te r\u00e9pondrai avec plaisir\u00a0!<\/span><\/p>\n<p><span style=\"font-size: 10pt; font-family: arial, helvetica, sans-serif;\"><strong>Falls Ihr nun selbst Lust bekommen habt, an einem solchen Programm teilzunehmen, dann findet Ihr hier weitere Details zu<\/strong><\/span><\/p>\n<ul>\n<li><span style=\"font-size: 10pt;\"><a href=\"https:\/\/www.dffd-kultur.de\/einsatzstellen\/\" target=\"_blank\" rel=\"noopener noreferrer\"><span style=\"font-family: arial, helvetica, sans-serif;\">Einsatzstellen des DFFD<\/span><\/a><\/span><\/li>\n<li><span style=\"font-size: 10pt; font-family: arial, helvetica, sans-serif;\"><a href=\"https:\/\/www.foej-rlp.de\/deutsch-franzoesisches-oekologisches-jahr-dfoej\/\" target=\"_blank\" rel=\"noopener noreferrer\">einem Freiwilligen Deutsch-Franz\u00f6sischen \u00d6kologischen Jahr<\/a>\u00a0<\/span><\/li>\n<li><span style=\"font-size: 10pt; font-family: arial, helvetica, sans-serif;\"><a href=\"http:\/\/www.grossregion.net\/Buerger\/Mitmachen\/Europaeischer-Freiwilligendienst\" target=\"_blank\" rel=\"noopener noreferrer\">Weiteren \u00f6kologischen und sozio-kulturellen Einsatzstellen anderer Tr\u00e4ger in Frankreich und der Gro\u00dfregion<\/a>\u00a0<\/span><\/li>\n<\/ul>\n<\/div><\/section><\/div>\n<style type=\"text\/css\" data-created_by=\"avia_inline_auto\" id=\"style-css-av-a4rvt6-910385572eefc83097070bbc4559fb98\">\n.flex_column.av-a4rvt6-910385572eefc83097070bbc4559fb98{\n-webkit-border-radius:0px 0px 0px 0px;\n-moz-border-radius:0px 0px 0px 0px;\nborder-radius:0px 0px 0px 0px;\npadding:0px 0px 0px 0px;\n}\n<\/style>\n<div class='flex_column av-a4rvt6-910385572eefc83097070bbc4559fb98 av_one_fourth  avia-builder-el-2  el_after_av_three_fourth  el_before_av_hr  flex_column_div av-zero-column-padding '     ><style type=\"text\/css\" data-created_by=\"avia_inline_auto\" id=\"style-css-av-kcarq3le-a55c23924c923dd8d16ed602acd37fd5\">\n.avia-image-container.av-kcarq3le-a55c23924c923dd8d16ed602acd37fd5 img.avia_image{\nbox-shadow:none;\n}\n.avia-image-container.av-kcarq3le-a55c23924c923dd8d16ed602acd37fd5 .av-image-caption-overlay-center{\ncolor:#ffffff;\n}\n<\/style>\n<div  class='avia-image-container av-kcarq3le-a55c23924c923dd8d16ed602acd37fd5 av-styling- av-hover-grow avia-align-center  avia-builder-el-3  avia-builder-el-no-sibling '   itemprop=\"image\" itemscope=\"itemscope\" itemtype=\"https:\/\/schema.org\/ImageObject\" ><div class=\"avia-image-container-inner\"><div class=\"avia-image-overlay-wrap\"><img decoding=\"async\" class='wp-image-1166 avia-img-lazy-loading-not-1166 avia_image ' src=\"https:\/\/www.seleeg.net\/wp-content\/uploads\/2020\/07\/IMG-20200609-WA0011-200x300.jpg\" alt='' title='IMG-20200609-WA0011'  height=\"300\" width=\"200\"  itemprop=\"thumbnailUrl\" srcset=\"https:\/\/www.seleeg.net\/wp-content\/uploads\/2020\/07\/IMG-20200609-WA0011-200x300.jpg 200w, https:\/\/www.seleeg.net\/wp-content\/uploads\/2020\/07\/IMG-20200609-WA0011-470x705.jpg 470w, https:\/\/www.seleeg.net\/wp-content\/uploads\/2020\/07\/IMG-20200609-WA0011-450x675.jpg 450w, https:\/\/www.seleeg.net\/wp-content\/uploads\/2020\/07\/IMG-20200609-WA0011-rotated.jpg 683w\" sizes=\"(max-width: 200px) 100vw, 200px\" \/><\/div><\/div><\/div><\/div><\/p>\n<div  class='hr av-3ly3e2-d504d6fab6bc3bb8880ffd908bebdc19 hr-default  avia-builder-el-4  el_after_av_one_fourth  el_before_av_one_full '><span class='hr-inner '><span class=\"hr-inner-style\"><\/span><\/span><\/div>\n\n<style type=\"text\/css\" data-created_by=\"avia_inline_auto\" id=\"style-css-av-1vbaju-47650ef27f863175c485751221974590\">\n.flex_column.av-1vbaju-47650ef27f863175c485751221974590{\n-webkit-border-radius:0px 0px 0px 0px;\n-moz-border-radius:0px 0px 0px 0px;\nborder-radius:0px 0px 0px 0px;\npadding:0px 0px 0px 0px;\n}\n<\/style>\n<div class='flex_column av-1vbaju-47650ef27f863175c485751221974590 av_one_full  avia-builder-el-5  el_after_av_hr  el_before_av_one_fifth  first flex_column_div av-zero-column-padding '     ><section  class='av_textblock_section av-kcasfx5r-8622d8404813141309341622ae6ae82a'  itemscope=\"itemscope\" itemtype=\"https:\/\/schema.org\/CreativeWork\" ><div class='avia_textblock'  itemprop=\"text\" ><p><span style=\"font-size: 18pt;\"><strong>Unsere Partner:<\/strong><\/span><\/p>\n<\/div><\/section><\/div>\n\n<style type=\"text\/css\" data-created_by=\"avia_inline_auto\" id=\"style-css-av-v4s4a-f397d36be35f717a833fa6b065dd44a7\">\n.flex_column.av-v4s4a-f397d36be35f717a833fa6b065dd44a7{\n-webkit-border-radius:0px 0px 0px 0px;\n-moz-border-radius:0px 0px 0px 0px;\nborder-radius:0px 0px 0px 0px;\npadding:0px 0px 0px 0px;\n}\n<\/style>\n<div class='flex_column av-v4s4a-f397d36be35f717a833fa6b065dd44a7 av_one_fifth  avia-builder-el-7  el_after_av_one_full  el_before_av_one_fifth  first flex_column_div av-zero-column-padding column-top-margin'     ><style type=\"text\/css\" data-created_by=\"avia_inline_auto\" id=\"style-css-av-kccc97ce-466dbf3d1fedd12a332b2eaf052aa191\">\n.avia-image-container.av-kccc97ce-466dbf3d1fedd12a332b2eaf052aa191 img.avia_image{\nbox-shadow:none;\n}\n.avia-image-container.av-kccc97ce-466dbf3d1fedd12a332b2eaf052aa191 .av-image-caption-overlay-center{\ncolor:#ffffff;\n}\n<\/style>\n<div  class='avia-image-container av-kccc97ce-466dbf3d1fedd12a332b2eaf052aa191 av-styling- avia-align-center  avia-builder-el-8  avia-builder-el-no-sibling '   itemprop=\"image\" itemscope=\"itemscope\" itemtype=\"https:\/\/schema.org\/ImageObject\" ><div class=\"avia-image-container-inner\"><div class=\"avia-image-overlay-wrap\"><img decoding=\"async\" class='wp-image-1210 avia-img-lazy-loading-not-1210 avia_image ' src=\"https:\/\/www.seleeg.net\/wp-content\/uploads\/2020\/07\/Wappen-serrig-252x300.jpg\" alt='' title='Wappen-serrig'  height=\"300\" width=\"252\"  itemprop=\"thumbnailUrl\" srcset=\"https:\/\/www.seleeg.net\/wp-content\/uploads\/2020\/07\/Wappen-serrig-252x300.jpg 252w, https:\/\/www.seleeg.net\/wp-content\/uploads\/2020\/07\/Wappen-serrig-865x1030.jpg 865w, https:\/\/www.seleeg.net\/wp-content\/uploads\/2020\/07\/Wappen-serrig-768x915.jpg 768w, https:\/\/www.seleeg.net\/wp-content\/uploads\/2020\/07\/Wappen-serrig-1290x1536.jpg 1290w, https:\/\/www.seleeg.net\/wp-content\/uploads\/2020\/07\/Wappen-serrig-1260x1500.jpg 1260w, https:\/\/www.seleeg.net\/wp-content\/uploads\/2020\/07\/Wappen-serrig-592x705.jpg 592w, https:\/\/www.seleeg.net\/wp-content\/uploads\/2020\/07\/Wappen-serrig-450x536.jpg 450w, https:\/\/www.seleeg.net\/wp-content\/uploads\/2020\/07\/Wappen-serrig.jpg 1708w\" sizes=\"(max-width: 252px) 100vw, 252px\" \/><\/div><\/div><\/div><\/div>\n\n<style type=\"text\/css\" data-created_by=\"avia_inline_auto\" id=\"style-css-av-7898ka-b12a885cf466de9e5d566f20ef7e2d14\">\n.flex_column.av-7898ka-b12a885cf466de9e5d566f20ef7e2d14{\n-webkit-border-radius:0px 0px 0px 0px;\n-moz-border-radius:0px 0px 0px 0px;\nborder-radius:0px 0px 0px 0px;\npadding:0px 0px 0px 0px;\n}\n<\/style>\n<div class='flex_column av-7898ka-b12a885cf466de9e5d566f20ef7e2d14 av_one_fifth  avia-builder-el-9  el_after_av_one_fifth  el_before_av_one_fifth  flex_column_div av-zero-column-padding column-top-margin'     ><style type=\"text\/css\" data-created_by=\"avia_inline_auto\" id=\"style-css-av-kcccfw31-e748fe65bbf6d92a2e6ab0000d14e60d\">\n.avia-image-container.av-kcccfw31-e748fe65bbf6d92a2e6ab0000d14e60d img.avia_image{\nbox-shadow:none;\n}\n.avia-image-container.av-kcccfw31-e748fe65bbf6d92a2e6ab0000d14e60d .av-image-caption-overlay-center{\ncolor:#ffffff;\n}\n<\/style>\n<div  class='avia-image-container av-kcccfw31-e748fe65bbf6d92a2e6ab0000d14e60d av-styling- avia-align-center  avia-builder-el-10  avia-builder-el-no-sibling '   itemprop=\"image\" itemscope=\"itemscope\" itemtype=\"https:\/\/schema.org\/ImageObject\" ><div class=\"avia-image-container-inner\"><div class=\"avia-image-overlay-wrap\"><img decoding=\"async\" class='wp-image-1213 avia-img-lazy-loading-not-1213 avia_image ' src=\"https:\/\/www.seleeg.net\/wp-content\/uploads\/2020\/07\/Logo_KulturGie\u00dferei.jpg\" alt='' title='Logo_KulturGie\u00dferei'  height=\"280\" width=\"676\"  itemprop=\"thumbnailUrl\" srcset=\"https:\/\/www.seleeg.net\/wp-content\/uploads\/2020\/07\/Logo_KulturGie\u00dferei.jpg 676w, https:\/\/www.seleeg.net\/wp-content\/uploads\/2020\/07\/Logo_KulturGie\u00dferei-300x124.jpg 300w, https:\/\/www.seleeg.net\/wp-content\/uploads\/2020\/07\/Logo_KulturGie\u00dferei-450x186.jpg 450w\" sizes=\"(max-width: 676px) 100vw, 676px\" \/><\/div><\/div><\/div><\/div>\n\n<style type=\"text\/css\" data-created_by=\"avia_inline_auto\" id=\"style-css-av-60nvne-227a78bbc8bccbc7b7e2c19766ab51ff\">\n.flex_column.av-60nvne-227a78bbc8bccbc7b7e2c19766ab51ff{\n-webkit-border-radius:0px 0px 0px 0px;\n-moz-border-radius:0px 0px 0px 0px;\nborder-radius:0px 0px 0px 0px;\npadding:0px 0px 0px 0px;\n}\n<\/style>\n<div class='flex_column av-60nvne-227a78bbc8bccbc7b7e2c19766ab51ff av_one_fifth  avia-builder-el-11  el_after_av_one_fifth  el_before_av_one_fifth  flex_column_div av-zero-column-padding column-top-margin'     ><style type=\"text\/css\" data-created_by=\"avia_inline_auto\" id=\"style-css-av-kccckery-bf5a47f2acb43a504595d5f5b9f068e7\">\n.avia-image-container.av-kccckery-bf5a47f2acb43a504595d5f5b9f068e7 img.avia_image{\nbox-shadow:none;\n}\n.avia-image-container.av-kccckery-bf5a47f2acb43a504595d5f5b9f068e7 .av-image-caption-overlay-center{\ncolor:#ffffff;\n}\n<\/style>\n<div  class='avia-image-container av-kccckery-bf5a47f2acb43a504595d5f5b9f068e7 av-styling- avia-align-center  avia-builder-el-12  avia-builder-el-no-sibling '   itemprop=\"image\" itemscope=\"itemscope\" itemtype=\"https:\/\/schema.org\/ImageObject\" ><div class=\"avia-image-container-inner\"><div class=\"avia-image-overlay-wrap\"><img decoding=\"async\" class='wp-image-1215 avia-img-lazy-loading-not-1215 avia_image ' src=\"https:\/\/www.seleeg.net\/wp-content\/uploads\/2020\/07\/Logo_SKG-256x300.jpg\" alt='' title='Logo_SKG'  height=\"300\" width=\"256\"  itemprop=\"thumbnailUrl\" srcset=\"https:\/\/www.seleeg.net\/wp-content\/uploads\/2020\/07\/Logo_SKG-256x300.jpg 256w, https:\/\/www.seleeg.net\/wp-content\/uploads\/2020\/07\/Logo_SKG-768x899.jpg 768w, https:\/\/www.seleeg.net\/wp-content\/uploads\/2020\/07\/Logo_SKG-602x705.jpg 602w, https:\/\/www.seleeg.net\/wp-content\/uploads\/2020\/07\/Logo_SKG-450x527.jpg 450w, https:\/\/www.seleeg.net\/wp-content\/uploads\/2020\/07\/Logo_SKG.jpg 820w\" sizes=\"(max-width: 256px) 100vw, 256px\" \/><\/div><\/div><\/div><\/div>\n\n<style type=\"text\/css\" data-created_by=\"avia_inline_auto\" id=\"style-css-av-4b3np6-3f1e4b5dc8ad98aba876de57a2b50402\">\n.flex_column.av-4b3np6-3f1e4b5dc8ad98aba876de57a2b50402{\n-webkit-border-radius:0px 0px 0px 0px;\n-moz-border-radius:0px 0px 0px 0px;\nborder-radius:0px 0px 0px 0px;\npadding:0px 0px 0px 0px;\n}\n<\/style>\n<div class='flex_column av-4b3np6-3f1e4b5dc8ad98aba876de57a2b50402 av_one_fifth  avia-builder-el-13  el_after_av_one_fifth  el_before_av_one_fifth  flex_column_div av-zero-column-padding column-top-margin'     ><style type=\"text\/css\" data-created_by=\"avia_inline_auto\" id=\"style-css-av-kcccmg0m-dbe218ea82af16b16997bbff801167da\">\n.avia-image-container.av-kcccmg0m-dbe218ea82af16b16997bbff801167da img.avia_image{\nbox-shadow:none;\n}\n.avia-image-container.av-kcccmg0m-dbe218ea82af16b16997bbff801167da .av-image-caption-overlay-center{\ncolor:#ffffff;\n}\n<\/style>\n<div  class='avia-image-container av-kcccmg0m-dbe218ea82af16b16997bbff801167da av-styling- avia-align-center  avia-builder-el-14  avia-builder-el-no-sibling '   itemprop=\"image\" itemscope=\"itemscope\" itemtype=\"https:\/\/schema.org\/ImageObject\" ><div class=\"avia-image-container-inner\"><div class=\"avia-image-overlay-wrap\"><img decoding=\"async\" class='wp-image-1217 avia-img-lazy-loading-not-1217 avia_image ' src=\"https:\/\/www.seleeg.net\/wp-content\/uploads\/2020\/07\/Logo_DFG-Saarburg.jpg\" alt='' title='Logo_DFG-Saarburg'  height=\"252\" width=\"257\"  itemprop=\"thumbnailUrl\" srcset=\"https:\/\/www.seleeg.net\/wp-content\/uploads\/2020\/07\/Logo_DFG-Saarburg.jpg 257w, https:\/\/www.seleeg.net\/wp-content\/uploads\/2020\/07\/Logo_DFG-Saarburg-36x36.jpg 36w\" sizes=\"(max-width: 257px) 100vw, 257px\" \/><\/div><\/div><\/div><\/div>\n\n<style type=\"text\/css\" data-created_by=\"avia_inline_auto\" id=\"style-css-av-2pejgq-ccab708e7efd01eca9086f8cff922892\">\n.flex_column.av-2pejgq-ccab708e7efd01eca9086f8cff922892{\n-webkit-border-radius:0px 0px 0px 0px;\n-moz-border-radius:0px 0px 0px 0px;\nborder-radius:0px 0px 0px 0px;\npadding:0px 0px 0px 0px;\n}\n<\/style>\n<div class='flex_column av-2pejgq-ccab708e7efd01eca9086f8cff922892 av_one_fifth  avia-builder-el-15  el_after_av_one_fifth  avia-builder-el-last  flex_column_div av-zero-column-padding column-top-margin'     ><style type=\"text\/css\" data-created_by=\"avia_inline_auto\" id=\"style-css-av-kcccqlwj-bcaffccae7c927b47f76ac655431d0fa\">\n.avia-image-container.av-kcccqlwj-bcaffccae7c927b47f76ac655431d0fa img.avia_image{\nbox-shadow:none;\n}\n.avia-image-container.av-kcccqlwj-bcaffccae7c927b47f76ac655431d0fa .av-image-caption-overlay-center{\ncolor:#ffffff;\n}\n<\/style>\n<div  class='avia-image-container av-kcccqlwj-bcaffccae7c927b47f76ac655431d0fa av-styling- avia-align-center  avia-builder-el-16  avia-builder-el-no-sibling '   itemprop=\"image\" itemscope=\"itemscope\" itemtype=\"https:\/\/schema.org\/ImageObject\" ><div class=\"avia-image-container-inner\"><div class=\"avia-image-overlay-wrap\"><img decoding=\"async\" class='wp-image-1219 avia-img-lazy-loading-not-1219 avia_image ' src=\"https:\/\/www.seleeg.net\/wp-content\/uploads\/2020\/07\/Logo_GS-Serrig-300x231.png\" alt='' title='Logo_GS-Serrig'  height=\"231\" width=\"300\"  itemprop=\"thumbnailUrl\" srcset=\"https:\/\/www.seleeg.net\/wp-content\/uploads\/2020\/07\/Logo_GS-Serrig-300x231.png 300w, https:\/\/www.seleeg.net\/wp-content\/uploads\/2020\/07\/Logo_GS-Serrig-450x346.png 450w, https:\/\/www.seleeg.net\/wp-content\/uploads\/2020\/07\/Logo_GS-Serrig.png 564w\" sizes=\"(max-width: 300px) 100vw, 300px\" \/><\/div><\/div><\/div><\/div>\n","protected":false},"excerpt":{"rendered":"","protected":false},"author":2,"featured_media":0,"parent":86,"menu_order":8,"comment_status":"closed","ping_status":"closed","template":"","meta":{"footnotes":""},"class_list":["post-1162","page","type-page","status-publish","hentry"],"_links":{"self":[{"href":"https:\/\/www.seleeg.net\/index.php?rest_route=\/wp\/v2\/pages\/1162","targetHints":{"allow":["GET"]}}],"collection":[{"href":"https:\/\/www.seleeg.net\/index.php?rest_route=\/wp\/v2\/pages"}],"about":[{"href":"https:\/\/www.seleeg.net\/index.php?rest_route=\/wp\/v2\/types\/page"}],"author":[{"embeddable":true,"href":"https:\/\/www.seleeg.net\/index.php?rest_route=\/wp\/v2\/users\/2"}],"replies":[{"embeddable":true,"href":"https:\/\/www.seleeg.net\/index.php?rest_route=%2Fwp%2Fv2%2Fcomments&post=1162"}],"version-history":[{"count":23,"href":"https:\/\/www.seleeg.net\/index.php?rest_route=\/wp\/v2\/pages\/1162\/revisions"}],"predecessor-version":[{"id":1240,"href":"https:\/\/www.seleeg.net\/index.php?rest_route=\/wp\/v2\/pages\/1162\/revisions\/1240"}],"up":[{"embeddable":true,"href":"https:\/\/www.seleeg.net\/index.php?rest_route=\/wp\/v2\/pages\/86"}],"wp:attachment":[{"href":"https:\/\/www.seleeg.net\/index.php?rest_route=%2Fwp%2Fv2%2Fmedia&parent=1162"}],"curies":[{"name":"wp","href":"https:\/\/api.w.org\/{rel}","templated":true}]}}